{"id":421,"date":"2019-05-13T11:43:50","date_gmt":"2019-05-13T09:43:50","guid":{"rendered":"http:\/\/ires.univ-tlse3.fr\/sim\/?page_id=421"},"modified":"2023-01-15T11:27:00","modified_gmt":"2023-01-15T10:27:00","slug":"approche-beer-lambert","status":"publish","type":"page","link":"https:\/\/ires.univ-tlse3.fr\/sim\/approche-beer-lambert\/","title":{"rendered":"Une approche quantitative de la loi de Beer-Lambert avec un smartphone."},"content":{"rendered":"<table>\n<tbody>\n<tr>\n<td width=\"302\">\n<p style=\"text-align: center\"><strong><a href=\"http:\/\/ires.univ-tlse3.fr\/sim\/wp-content\/uploads\/sites\/35\/2020\/06\/Article-BUP_23049.pdf\">Partie 1<\/a>, publi\u00e9e en octobre 2019<\/strong><\/p>\n<\/td>\n<td width=\"302\">\n<p style=\"text-align: center\"><strong><a href=\"http:\/\/ires.univ-tlse3.fr\/sim\/wp-content\/uploads\/sites\/35\/2020\/06\/Article-BUP_23094.pdf\">Partie 2<\/a>, publi\u00e9e en d\u00e9cembre 2019<\/strong><\/p>\n<\/td>\n<\/tr>\n<tr>\n<td width=\"302\"><a href=\"http:\/\/ires.univ-tlse3.fr\/sim\/wp-content\/uploads\/sites\/35\/2020\/06\/Article-BUP_23049.pdf\"><img fetchpriority=\"high\" decoding=\"async\" class=\"size-medium wp-image-418 aligncenter\" src=\"http:\/\/ires.univ-tlse3.fr\/sim\/wp-content\/uploads\/sites\/35\/2019\/05\/20190220_152334-275x300.jpg\" alt=\"\" width=\"275\" height=\"300\" srcset=\"https:\/\/ires.univ-tlse3.fr\/sim\/wp-content\/uploads\/sites\/35\/2019\/05\/20190220_152334-275x300.jpg 275w, https:\/\/ires.univ-tlse3.fr\/sim\/wp-content\/uploads\/sites\/35\/2019\/05\/20190220_152334-768x838.jpg 768w, https:\/\/ires.univ-tlse3.fr\/sim\/wp-content\/uploads\/sites\/35\/2019\/05\/20190220_152334-938x1024.jpg 938w, https:\/\/ires.univ-tlse3.fr\/sim\/wp-content\/uploads\/sites\/35\/2019\/05\/20190220_152334-830x906.jpg 830w, https:\/\/ires.univ-tlse3.fr\/sim\/wp-content\/uploads\/sites\/35\/2019\/05\/20190220_152334-230x251.jpg 230w, https:\/\/ires.univ-tlse3.fr\/sim\/wp-content\/uploads\/sites\/35\/2019\/05\/20190220_152334-350x382.jpg 350w, https:\/\/ires.univ-tlse3.fr\/sim\/wp-content\/uploads\/sites\/35\/2019\/05\/20190220_152334-480x524.jpg 480w, https:\/\/ires.univ-tlse3.fr\/sim\/wp-content\/uploads\/sites\/35\/2019\/05\/20190220_152334.jpg 1797w\" sizes=\"(max-width: 275px) 100vw, 275px\" \/><\/a><\/td>\n<td width=\"302\"><a href=\"http:\/\/ires.univ-tlse3.fr\/sim\/wp-content\/uploads\/sites\/35\/2020\/06\/Article-BUP_23094.pdf\"><img decoding=\"async\" class=\"size-medium wp-image-422 aligncenter\" src=\"http:\/\/ires.univ-tlse3.fr\/sim\/wp-content\/uploads\/sites\/35\/2019\/05\/20190327_134835-230x300.jpg\" alt=\"\" width=\"230\" height=\"300\" srcset=\"https:\/\/ires.univ-tlse3.fr\/sim\/wp-content\/uploads\/sites\/35\/2019\/05\/20190327_134835-230x299.jpg 230w, https:\/\/ires.univ-tlse3.fr\/sim\/wp-content\/uploads\/sites\/35\/2019\/05\/20190327_134835-768x1000.jpg 768w, https:\/\/ires.univ-tlse3.fr\/sim\/wp-content\/uploads\/sites\/35\/2019\/05\/20190327_134835-787x1024.jpg 787w, https:\/\/ires.univ-tlse3.fr\/sim\/wp-content\/uploads\/sites\/35\/2019\/05\/20190327_134835-830x1081.jpg 830w, https:\/\/ires.univ-tlse3.fr\/sim\/wp-content\/uploads\/sites\/35\/2019\/05\/20190327_134835-350x456.jpg 350w, https:\/\/ires.univ-tlse3.fr\/sim\/wp-content\/uploads\/sites\/35\/2019\/05\/20190327_134835-480x625.jpg 480w, https:\/\/ires.univ-tlse3.fr\/sim\/wp-content\/uploads\/sites\/35\/2019\/05\/20190327_134835.jpg 1620w\" sizes=\"(max-width: 230px) 100vw, 230px\" \/><\/a><\/td>\n<\/tr>\n<\/tbody>\n<\/table>\n<table>\n<tbody><\/tbody>\n<\/table>\n","protected":false},"excerpt":{"rendered":"<p>Partie 1, publi\u00e9e en octobre 2019 Partie 2, publi\u00e9e en d\u00e9cembre 2019<\/p>\n","protected":false},"author":47,"featured_media":0,"parent":0,"menu_order":0,"comment_status":"closed","ping_status":"closed","template":"","meta":{"inline_featured_image":false,"footnotes":""},"class_list":["post-421","page","type-page","status-publish","hentry"],"_links":{"self":[{"href":"https:\/\/ires.univ-tlse3.fr\/sim\/wp-json\/wp\/v2\/pages\/421","targetHints":{"allow":["GET"]}}],"collection":[{"href":"https:\/\/ires.univ-tlse3.fr\/sim\/wp-json\/wp\/v2\/pages"}],"about":[{"href":"https:\/\/ires.univ-tlse3.fr\/sim\/wp-json\/wp\/v2\/types\/page"}],"author":[{"embeddable":true,"href":"https:\/\/ires.univ-tlse3.fr\/sim\/wp-json\/wp\/v2\/users\/47"}],"replies":[{"embeddable":true,"href":"https:\/\/ires.univ-tlse3.fr\/sim\/wp-json\/wp\/v2\/comments?post=421"}],"version-history":[{"count":17,"href":"https:\/\/ires.univ-tlse3.fr\/sim\/wp-json\/wp\/v2\/pages\/421\/revisions"}],"predecessor-version":[{"id":589,"href":"https:\/\/ires.univ-tlse3.fr\/sim\/wp-json\/wp\/v2\/pages\/421\/revisions\/589"}],"wp:attachment":[{"href":"https:\/\/ires.univ-tlse3.fr\/sim\/wp-json\/wp\/v2\/media?parent=421"}],"curies":[{"name":"wp","href":"https:\/\/api.w.org\/{rel}","templated":true}]}}