{"id":103,"date":"2018-10-18T14:17:51","date_gmt":"2018-10-18T12:17:51","guid":{"rendered":"http:\/\/ires.univ-tlse3.fr\/sim\/?page_id=103"},"modified":"2018-11-02T14:01:52","modified_gmt":"2018-11-02T13:01:52","slug":"ascenseur","status":"publish","type":"page","link":"https:\/\/ires.univ-tlse3.fr\/sim\/ascenseur\/","title":{"rendered":"Cabine d&rsquo;ascenseur"},"content":{"rendered":"<table>\n<tbody>\n<tr>\n<td style=\"text-align: justify\" width=\"302\">D\u00e9termination de la hauteur H de la cabine \u00e0 partir de la mesure de la pression atmosph\u00e9rique.<\/td>\n<td width=\"302\"><a href=\"http:\/\/ires.univ-tlse3.fr\/sim\/wp-content\/uploads\/sites\/35\/2018\/10\/ascenseur.pdf\"><img fetchpriority=\"high\" decoding=\"async\" class=\"alignnone size-medium wp-image-158\" src=\"http:\/\/ires.univ-tlse3.fr\/sim\/wp-content\/uploads\/sites\/35\/2018\/10\/ascenseur1-300x168.jpg\" alt=\"\" width=\"300\" height=\"168\" srcset=\"https:\/\/ires.univ-tlse3.fr\/sim\/wp-content\/uploads\/sites\/35\/2018\/10\/ascenseur1-300x168.jpg 300w, https:\/\/ires.univ-tlse3.fr\/sim\/wp-content\/uploads\/sites\/35\/2018\/10\/ascenseur1-230x129.jpg 230w, https:\/\/ires.univ-tlse3.fr\/sim\/wp-content\/uploads\/sites\/35\/2018\/10\/ascenseur1-350x196.jpg 350w, https:\/\/ires.univ-tlse3.fr\/sim\/wp-content\/uploads\/sites\/35\/2018\/10\/ascenseur1-480x269.jpg 480w, https:\/\/ires.univ-tlse3.fr\/sim\/wp-content\/uploads\/sites\/35\/2018\/10\/ascenseur1.jpg 677w\" sizes=\"(max-width: 300px) 100vw, 300px\" \/><\/a><\/td>\n<\/tr>\n<tr>\n<td style=\"text-align: left\" width=\"302\">R\u00e9solutions de probl\u00e8mes<\/td>\n<td width=\"302\"><a href=\"http:\/\/ires.univ-tlse3.fr\/sim\/wp-content\/uploads\/sites\/35\/2018\/10\/ascenseur.pdf\"><img decoding=\"async\" class=\"alignnone size-medium wp-image-159\" src=\"http:\/\/ires.univ-tlse3.fr\/sim\/wp-content\/uploads\/sites\/35\/2018\/10\/ascenseur2-300x169.jpg\" alt=\"\" width=\"300\" height=\"169\" srcset=\"https:\/\/ires.univ-tlse3.fr\/sim\/wp-content\/uploads\/sites\/35\/2018\/10\/ascenseur2-300x169.jpg 300w, https:\/\/ires.univ-tlse3.fr\/sim\/wp-content\/uploads\/sites\/35\/2018\/10\/ascenseur2-230x129.jpg 230w, https:\/\/ires.univ-tlse3.fr\/sim\/wp-content\/uploads\/sites\/35\/2018\/10\/ascenseur2-350x197.jpg 350w, https:\/\/ires.univ-tlse3.fr\/sim\/wp-content\/uploads\/sites\/35\/2018\/10\/ascenseur2-480x270.jpg 480w, https:\/\/ires.univ-tlse3.fr\/sim\/wp-content\/uploads\/sites\/35\/2018\/10\/ascenseur2.jpg 693w\" sizes=\"(max-width: 300px) 100vw, 300px\" \/><\/a><\/td>\n<\/tr>\n<\/tbody>\n<\/table>\n","protected":false},"excerpt":{"rendered":"<p>D\u00e9termination de la hauteur H de la cabine \u00e0 partir de la mesure de la pression atmosph\u00e9rique. R\u00e9solutions de probl\u00e8mes<\/p>\n","protected":false},"author":47,"featured_media":0,"parent":0,"menu_order":0,"comment_status":"closed","ping_status":"closed","template":"","meta":{"inline_featured_image":false,"footnotes":""},"class_list":["post-103","page","type-page","status-publish","hentry"],"_links":{"self":[{"href":"https:\/\/ires.univ-tlse3.fr\/sim\/wp-json\/wp\/v2\/pages\/103","targetHints":{"allow":["GET"]}}],"collection":[{"href":"https:\/\/ires.univ-tlse3.fr\/sim\/wp-json\/wp\/v2\/pages"}],"about":[{"href":"https:\/\/ires.univ-tlse3.fr\/sim\/wp-json\/wp\/v2\/types\/page"}],"author":[{"embeddable":true,"href":"https:\/\/ires.univ-tlse3.fr\/sim\/wp-json\/wp\/v2\/users\/47"}],"replies":[{"embeddable":true,"href":"https:\/\/ires.univ-tlse3.fr\/sim\/wp-json\/wp\/v2\/comments?post=103"}],"version-history":[{"count":8,"href":"https:\/\/ires.univ-tlse3.fr\/sim\/wp-json\/wp\/v2\/pages\/103\/revisions"}],"predecessor-version":[{"id":233,"href":"https:\/\/ires.univ-tlse3.fr\/sim\/wp-json\/wp\/v2\/pages\/103\/revisions\/233"}],"wp:attachment":[{"href":"https:\/\/ires.univ-tlse3.fr\/sim\/wp-json\/wp\/v2\/media?parent=103"}],"curies":[{"name":"wp","href":"https:\/\/api.w.org\/{rel}","templated":true}]}}