{"id":26,"date":"2020-12-22T05:11:36","date_gmt":"2020-12-22T04:11:36","guid":{"rendered":"http:\/\/ires.univ-tlse3.fr\/sante-securite\/?page_id=26"},"modified":"2020-12-22T05:45:21","modified_gmt":"2020-12-22T04:45:21","slug":"accueil","status":"publish","type":"page","link":"https:\/\/ires.univ-tlse3.fr\/sante-securite\/","title":{"rendered":""},"content":{"rendered":"\t\t<div data-elementor-type=\"wp-page\" data-elementor-id=\"26\" class=\"elementor elementor-26\">\n\t\t\t\t\t\t<section class=\"elementor-section elementor-top-section elementor-element elementor-element-3b72a87 elementor-section-boxed elementor-section-height-default elementor-section-height-default\" data-id=\"3b72a87\" data-element_type=\"section\" data-e-type=\"section\">\n\t\t\t\t\t\t<div class=\"elementor-container elementor-column-gap-default\">\n\t\t\t\t\t<div class=\"elementor-column elementor-col-100 elementor-top-column elementor-element elementor-element-ffd4518\" data-id=\"ffd4518\" data-element_type=\"column\" data-e-type=\"column\">\n\t\t\t<div class=\"elementor-widget-wrap elementor-element-populated\">\n\t\t\t\t\t\t<div class=\"elementor-element elementor-element-26a0ce4 elementor-widget elementor-widget-text-editor\" data-id=\"26a0ce4\" data-element_type=\"widget\" data-e-type=\"widget\" data-widget_type=\"text-editor.default\">\n\t\t\t\t<div class=\"elementor-widget-container\">\n\t\t\t\t\t\t\t\t\t<h4>Illustrer la science 2020\/2021<\/h4>\n<h4>Sant\u00e9 et s\u00e9curit\u00e9<\/h4>\t\t\t\t\t\t\t\t<\/div>\n\t\t\t\t<\/div>\n\t\t\t\t\t<\/div>\n\t\t<\/div>\n\t\t\t\t\t<\/div>\n\t\t<\/section>\n\t\t\t\t<section class=\"elementor-section elementor-top-section elementor-element elementor-element-c226bb5 elementor-section-boxed elementor-section-height-default elementor-section-height-default\" data-id=\"c226bb5\" data-element_type=\"section\" data-e-type=\"section\">\n\t\t\t\t\t\t<div class=\"elementor-container elementor-column-gap-default\">\n\t\t\t\t\t<div class=\"elementor-column elementor-col-100 elementor-top-column elementor-element elementor-element-3ed368e\" data-id=\"3ed368e\" data-element_type=\"column\" data-e-type=\"column\">\n\t\t\t<div class=\"elementor-widget-wrap elementor-element-populated\">\n\t\t\t\t\t\t<div class=\"elementor-element elementor-element-f123ec1 elementor-widget elementor-widget-image\" data-id=\"f123ec1\" data-element_type=\"widget\" data-e-type=\"widget\" data-widget_type=\"image.default\">\n\t\t\t\t<div class=\"elementor-widget-container\">\n\t\t\t\t\t\t\t\t\t\t\t\t\t\t\t<img decoding=\"async\" src=\"https:\/\/ires.univ-tlse3.fr\/sante-securite\/wp-content\/uploads\/sites\/42\/2020\/12\/nature-5325456_960_720.jpeg\" title=\"nature-5325456_960_720\" alt=\"nature-5325456_960_720\" loading=\"lazy\" \/>\t\t\t\t\t\t\t\t\t\t\t\t\t\t\t<\/div>\n\t\t\t\t<\/div>\n\t\t\t\t\t<\/div>\n\t\t<\/div>\n\t\t\t\t\t<\/div>\n\t\t<\/section>\n\t\t\t\t<\/div>\n\t\t","protected":false},"excerpt":{"rendered":"<p>Illustrer la science 2020\/2021 Sant\u00e9 et s\u00e9curit\u00e9<\/p>\n","protected":false},"author":7,"featured_media":0,"parent":0,"menu_order":0,"comment_status":"closed","ping_status":"closed","template":"","meta":{"inline_featured_image":false,"footnotes":""},"class_list":["post-26","page","type-page","status-publish","hentry"],"_links":{"self":[{"href":"https:\/\/ires.univ-tlse3.fr\/sante-securite\/wp-json\/wp\/v2\/pages\/26","targetHints":{"allow":["GET"]}}],"collection":[{"href":"https:\/\/ires.univ-tlse3.fr\/sante-securite\/wp-json\/wp\/v2\/pages"}],"about":[{"href":"https:\/\/ires.univ-tlse3.fr\/sante-securite\/wp-json\/wp\/v2\/types\/page"}],"author":[{"embeddable":true,"href":"https:\/\/ires.univ-tlse3.fr\/sante-securite\/wp-json\/wp\/v2\/users\/7"}],"replies":[{"embeddable":true,"href":"https:\/\/ires.univ-tlse3.fr\/sante-securite\/wp-json\/wp\/v2\/comments?post=26"}],"version-history":[{"count":25,"href":"https:\/\/ires.univ-tlse3.fr\/sante-securite\/wp-json\/wp\/v2\/pages\/26\/revisions"}],"predecessor-version":[{"id":63,"href":"https:\/\/ires.univ-tlse3.fr\/sante-securite\/wp-json\/wp\/v2\/pages\/26\/revisions\/63"}],"wp:attachment":[{"href":"https:\/\/ires.univ-tlse3.fr\/sante-securite\/wp-json\/wp\/v2\/media?parent=26"}],"curies":[{"name":"wp","href":"https:\/\/api.w.org\/{rel}","templated":true}]}}