{"id":247,"date":"2021-07-06T10:43:52","date_gmt":"2021-07-06T08:43:52","guid":{"rendered":"https:\/\/ires.univ-tlse3.fr\/rallye-sciences-experimentales\/?page_id=247"},"modified":"2021-07-06T10:45:37","modified_gmt":"2021-07-06T08:45:37","slug":"grand-gagnant-primaire-2021","status":"publish","type":"page","link":"https:\/\/ires.univ-tlse3.fr\/rallye-sciences-experimentales\/grand-gagnant-primaire-2021\/","title":{"rendered":"Grand Gagnant Primaire 2021"},"content":{"rendered":"\n<p>\u00ab\u00a0Youhou\u00a0!!! \u00c7a a \u00e9t\u00e9 une explosion de joie dans la classe quand j\u2019ai annonc\u00e9 \u00e0 mes \u00e9l\u00e8ves que nous avions gagn\u00e9\u00a0! J\u2019\u00e9tais all\u00e9e \u00e0 la premi\u00e8re heure leur acheter de quoi f\u00eater \u00e7a avec leurs copains de la classe de CP-CE1-CE2. A la r\u00e9cr\u00e9 \u00e7a a donc \u00e9t\u00e9 la gloire aupr\u00e8s des petits avec qui on a partag\u00e9 notre succ\u00e8s. De quoi leur donner envie de participer \u00e0 leur tour. Cette victoire est bien s\u00fbr la cerise sur le g\u00e2teau\u00a0! En tant qu\u2019enseignante, c\u2019est une exp\u00e9rience tr\u00e8s riche \u00e0 mener en classe. C\u2019est une source de motivation suppl\u00e9mentaire s\u2019il en faut, pour pratiquer les sciences \u00e0 l\u2019\u00e9cole \u00e9l\u00e9mentaire.\u00a0\u00bb<\/p>\n\n\n\n<p>Mme CHASSAGNE Sylvie, Professeur des \u00c9coles-Directrice de l\u2019\u00c9cole \u00e9l\u00e9mentaire \u00a0Alphonse Meillon<\/p>\n\n\n\n<figure class=\"wp-block-embed is-type-video is-provider-youtube wp-block-embed-youtube wp-embed-aspect-16-9 wp-has-aspect-ratio\"><div class=\"wp-block-embed__wrapper\">\n<iframe title=\"Cauterets retour d&#039;experience\" width=\"1170\" height=\"658\" src=\"https:\/\/www.youtube.com\/embed\/2_zJmjLNgj4?feature=oembed\" frameborder=\"0\" allow=\"accelerometer; autoplay; clipboard-write; encrypted-media; gyroscope; picture-in-picture\" allowfullscreen><\/iframe>\n<\/div><\/figure>\n","protected":false},"excerpt":{"rendered":"<p>\u00ab\u00a0Youhou\u00a0!!! \u00c7a a \u00e9t\u00e9 une explosion de joie dans la classe quand j\u2019ai annonc\u00e9 \u00e0 mes \u00e9l\u00e8ves que nous avions gagn\u00e9\u00a0! J\u2019\u00e9tais [&hellip;]<\/p>\n","protected":false},"author":58,"featured_media":0,"parent":0,"menu_order":0,"comment_status":"closed","ping_status":"closed","template":"","meta":{"inline_featured_image":false,"footnotes":""},"class_list":["post-247","page","type-page","status-publish","hentry"],"_links":{"self":[{"href":"https:\/\/ires.univ-tlse3.fr\/rallye-sciences-experimentales\/wp-json\/wp\/v2\/pages\/247","targetHints":{"allow":["GET"]}}],"collection":[{"href":"https:\/\/ires.univ-tlse3.fr\/rallye-sciences-experimentales\/wp-json\/wp\/v2\/pages"}],"about":[{"href":"https:\/\/ires.univ-tlse3.fr\/rallye-sciences-experimentales\/wp-json\/wp\/v2\/types\/page"}],"author":[{"embeddable":true,"href":"https:\/\/ires.univ-tlse3.fr\/rallye-sciences-experimentales\/wp-json\/wp\/v2\/users\/58"}],"replies":[{"embeddable":true,"href":"https:\/\/ires.univ-tlse3.fr\/rallye-sciences-experimentales\/wp-json\/wp\/v2\/comments?post=247"}],"version-history":[{"count":2,"href":"https:\/\/ires.univ-tlse3.fr\/rallye-sciences-experimentales\/wp-json\/wp\/v2\/pages\/247\/revisions"}],"predecessor-version":[{"id":250,"href":"https:\/\/ires.univ-tlse3.fr\/rallye-sciences-experimentales\/wp-json\/wp\/v2\/pages\/247\/revisions\/250"}],"wp:attachment":[{"href":"https:\/\/ires.univ-tlse3.fr\/rallye-sciences-experimentales\/wp-json\/wp\/v2\/media?parent=247"}],"curies":[{"name":"wp","href":"https:\/\/api.w.org\/{rel}","templated":true}]}}