{"id":236,"date":"2021-07-06T10:36:40","date_gmt":"2021-07-06T08:36:40","guid":{"rendered":"https:\/\/ires.univ-tlse3.fr\/rallye-sciences-experimentales\/?page_id=236"},"modified":"2021-07-06T10:39:02","modified_gmt":"2021-07-06T08:39:02","slug":"grand-gagnant-seconde-2021","status":"publish","type":"page","link":"https:\/\/ires.univ-tlse3.fr\/rallye-sciences-experimentales\/grand-gagnant-seconde-2021\/","title":{"rendered":"Grand Gagnant Seconde 2021"},"content":{"rendered":"\n<div class=\"wp-block-media-text alignwide is-stacked-on-mobile\" style=\"grid-template-columns:32% auto\"><figure class=\"wp-block-media-text__media\"><img fetchpriority=\"high\" decoding=\"async\" width=\"1024\" height=\"768\" src=\"https:\/\/ires.univ-tlse3.fr\/rallye-sciences-experimentales\/wp-content\/uploads\/sites\/29\/2021\/07\/FinalisteSeconde2021-1024x768.jpg\" alt=\"\" class=\"wp-image-228 size-full\" srcset=\"https:\/\/ires.univ-tlse3.fr\/rallye-sciences-experimentales\/wp-content\/uploads\/sites\/29\/2021\/07\/FinalisteSeconde2021-1024x768.jpg 1024w, https:\/\/ires.univ-tlse3.fr\/rallye-sciences-experimentales\/wp-content\/uploads\/sites\/29\/2021\/07\/FinalisteSeconde2021-300x225.jpg 300w, https:\/\/ires.univ-tlse3.fr\/rallye-sciences-experimentales\/wp-content\/uploads\/sites\/29\/2021\/07\/FinalisteSeconde2021-768x576.jpg 768w, https:\/\/ires.univ-tlse3.fr\/rallye-sciences-experimentales\/wp-content\/uploads\/sites\/29\/2021\/07\/FinalisteSeconde2021-830x623.jpg 830w, https:\/\/ires.univ-tlse3.fr\/rallye-sciences-experimentales\/wp-content\/uploads\/sites\/29\/2021\/07\/FinalisteSeconde2021-230x173.jpg 230w, https:\/\/ires.univ-tlse3.fr\/rallye-sciences-experimentales\/wp-content\/uploads\/sites\/29\/2021\/07\/FinalisteSeconde2021-350x263.jpg 350w, https:\/\/ires.univ-tlse3.fr\/rallye-sciences-experimentales\/wp-content\/uploads\/sites\/29\/2021\/07\/FinalisteSeconde2021-480x360.jpg 480w, https:\/\/ires.univ-tlse3.fr\/rallye-sciences-experimentales\/wp-content\/uploads\/sites\/29\/2021\/07\/FinalisteSeconde2021.jpg 1165w\" sizes=\"(max-width: 1024px) 100vw, 1024px\" \/><\/figure><div class=\"wp-block-media-text__content\">\n<p>En tant qu&rsquo;enseignant en Sciences Physiques depuis bient\u00f4t 20 ans maintenant, il me parait important de pratiquer d&rsquo;autres formes d&rsquo;enseignements ou de travaux afin de valoriser les sciences chez les plus jeunes. Ce rallye est donc pour moi une belle opportunit\u00e9 de mettre en avant ma mati\u00e8re, si difficile pour certains mais tellement indispensable pour nous tous. Avec le concours de ma coll\u00e8gue en SVT Mme Fontes, nous avons donc mis au travail la classe de 2nde 3 que nous avions en commun pour r\u00e9aliser ce projet. Il est vrai que la mise au travail pour la 1<sup>\u00e8re <\/sup>\u00e9tape se fait assez rapidement car, naturellement, certains se dirigent plus sur la Physique-Chimie ou la SVT. <\/p>\n\n\n\n<p><\/p>\n<\/div><\/div>\n\n\n\n<p>Mais l&rsquo;exp\u00e9rience est \u00e0 vivre et c&rsquo;est \u00e0 ce moment l\u00e0 que l&rsquo;on voit la mise au travail d&rsquo;un petit groupe d&rsquo;\u00e9l\u00e8ves, avec certains prenant de bonnes initiatives et d&rsquo;autres \u00e9coutant scrupuleusement les conseils des autres. Lors de la 2<sup>\u00e8me<\/sup> \u00e9tape de la superfinale, les \u00e9l\u00e8ves \u00e9tant excit\u00e9s par le r\u00e9sultat positif du travail pr\u00e9c\u00e9dent, il a fallu canaliser les groupes et les mettre en situation (gestion du mat\u00e9riel pour la physique chimie avec r\u00e8gles de s\u00e9curit\u00e9 \u00e0 respecter) et ex\u00e9cuter les diff\u00e9rentes vid\u00e9os (plusieurs salles \u00e0 g\u00e9rer en m\u00eame temps, je vous rappelle qu&rsquo;ils sont 37 dans cette classe) mais <strong>au final, apr\u00e8s 1h30 de travail, que ce fut enrichissant<\/strong> ! Merci donc pour votre belle initiative faite aux jeunes, votre communication pour ce rallye et \u00e0 l&rsquo;ann\u00e9e prochaine avec d&rsquo;autres \u00e9l\u00e8ves pour une nouvelle aventure. Laurent TROUVE, Lyc\u00e9e St Joseph, Toulouse.<\/p>\n\n\n\n<figure class=\"wp-block-embed is-type-video is-provider-youtube wp-block-embed-youtube wp-embed-aspect-4-3 wp-has-aspect-ratio\"><div class=\"wp-block-embed__wrapper\">\n<iframe title=\"Retours \u00e9l\u00e8ves rallye sciences 2021\" width=\"1170\" height=\"878\" src=\"https:\/\/www.youtube.com\/embed\/vUJCrMqKMnk?feature=oembed\" frameborder=\"0\" allow=\"accelerometer; autoplay; clipboard-write; encrypted-media; gyroscope; picture-in-picture\" allowfullscreen><\/iframe>\n<\/div><\/figure>\n","protected":false},"excerpt":{"rendered":"<p>En tant qu&rsquo;enseignant en Sciences Physiques depuis bient\u00f4t 20 ans maintenant, il me parait important de pratiquer d&rsquo;autres formes d&rsquo;enseignements ou de [&hellip;]<\/p>\n","protected":false},"author":58,"featured_media":0,"parent":0,"menu_order":0,"comment_status":"closed","ping_status":"closed","template":"","meta":{"inline_featured_image":false,"footnotes":""},"class_list":["post-236","page","type-page","status-publish","hentry"],"_links":{"self":[{"href":"https:\/\/ires.univ-tlse3.fr\/rallye-sciences-experimentales\/wp-json\/wp\/v2\/pages\/236","targetHints":{"allow":["GET"]}}],"collection":[{"href":"https:\/\/ires.univ-tlse3.fr\/rallye-sciences-experimentales\/wp-json\/wp\/v2\/pages"}],"about":[{"href":"https:\/\/ires.univ-tlse3.fr\/rallye-sciences-experimentales\/wp-json\/wp\/v2\/types\/page"}],"author":[{"embeddable":true,"href":"https:\/\/ires.univ-tlse3.fr\/rallye-sciences-experimentales\/wp-json\/wp\/v2\/users\/58"}],"replies":[{"embeddable":true,"href":"https:\/\/ires.univ-tlse3.fr\/rallye-sciences-experimentales\/wp-json\/wp\/v2\/comments?post=236"}],"version-history":[{"count":2,"href":"https:\/\/ires.univ-tlse3.fr\/rallye-sciences-experimentales\/wp-json\/wp\/v2\/pages\/236\/revisions"}],"predecessor-version":[{"id":239,"href":"https:\/\/ires.univ-tlse3.fr\/rallye-sciences-experimentales\/wp-json\/wp\/v2\/pages\/236\/revisions\/239"}],"wp:attachment":[{"href":"https:\/\/ires.univ-tlse3.fr\/rallye-sciences-experimentales\/wp-json\/wp\/v2\/media?parent=236"}],"curies":[{"name":"wp","href":"https:\/\/api.w.org\/{rel}","templated":true}]}}