{"id":14,"date":"2021-10-25T17:28:29","date_gmt":"2021-10-25T15:28:29","guid":{"rendered":"https:\/\/ires.univ-tlse3.fr\/primaire-resolution-problemes-formation-initiale\/?page_id=14"},"modified":"2025-08-29T09:30:27","modified_gmt":"2025-08-29T07:30:27","slug":"publications","status":"publish","type":"page","link":"https:\/\/ires.univ-tlse3.fr\/primaire-resolution-problemes-formation-initiale\/publications\/","title":{"rendered":"Publications"},"content":{"rendered":"<h3>Brochure r\u00e9solution de probl\u00e8mes<\/h3>\n<p style=\"text-align: left\">Le groupe \u00ab\u00a0\u00e9cole primaire\u00a0\u00bb de l\u2019IRES\/IREM\u00a0travaille sur un projet de brochure intitul\u00e9e :<\/p>\n<p style=\"text-align: center\"><em style=\"color: var(--sydney-text-color);text-align: center\">R\u00e9solution de probl\u00e8mes \u00e0 l\u2019\u00e9cole<br \/><\/em><em style=\"color: var(--sydney-text-color)\">Vers une explicitation des techniques de r\u00e9solution de probl\u00e8mes<br \/><\/em><em style=\"color: var(--sydney-text-color)\">Quelle institutionnalisation\u00a0?<\/em><\/p>\n<p>Nous nous sommes centr\u00e9s sur les \u00ab probl\u00e8mes pour apprendre \u00e0 chercher \u00bb ou \u00ab probl\u00e8mes atypiques \u00bb (certains de ces probl\u00e8mes pourraient \u00eatre des probl\u00e8mes complexes, des situations-probl\u00e8mes \u00e0 d\u2019autres moments de l\u2019apprentissage, nous le signalerons\u00a0 lorsque c\u2019est le cas).<\/p>\n<p>Notre recherche a pour objectif de participer \u00e0 la formation des professeurs, en enrichissant notamment la nature des aides qu\u2019ils peuvent proposer aux \u00e9l\u00e8ves lors de ces s\u00e9ances, puis en d\u00e9gageant les institutionnalisations possibles pour ce type de s\u00e9ance.<\/p>\n<p><strong>1\/ Proposition d&rsquo;exp\u00e9rimentation<\/strong><\/p>\n<p>Dans ce cadre, nous vous proposons d&rsquo;exp\u00e9rimenter, dans vos classes, certaines situations de r\u00e9solution de probl\u00e8mes (probl\u00e8mes \u00e0 plusieurs contraintes, probl\u00e8mes de recherche de tous les cas possibles). Pour chacun d&rsquo;entre eux, nous proposons une analyse, une mise en \u0153uvre envisageable et des pistes d&rsquo;institutionnalisation.<\/p>\n<p>Nous mettons \u00e0 votre disposition :<\/p>\n<ul>\n<li>un <strong>document d&rsquo;observation<\/strong> pour l&rsquo;exp\u00e9rimentation (<a href=\"http:\/\/ires.univ-tlse3.fr\/primaire-resolution-problemes-formation-initiale\/wp-content\/uploads\/sites\/46\/2022\/02\/ires_tlse_primaire_bro_pbme_PE_guide_experimentation.pdf\" target=\"_blank\" rel=\"noopener\">pdf<\/a>, <a href=\"http:\/\/ires.univ-tlse3.fr\/primaire-resolution-problemes-formation-initiale\/wp-content\/uploads\/sites\/46\/2022\/02\/ires_tlse_primaire_bro_pbme_PE_guide_experimentation.docx\" target=\"_blank\" rel=\"noopener\">docx<\/a>, <a href=\"http:\/\/ires.univ-tlse3.fr\/primaire-resolution-problemes-formation-initiale\/wp-content\/uploads\/sites\/46\/2022\/02\/ires_tlse_primaire_bro_pbme_PE_guide_experimentation.odt\" target=\"_blank\" rel=\"noopener\">odt)<\/a><\/li>\n<li>le document relatif\u00a0 aux <strong>probl\u00e8mes \u00e0 plusieurs contraintes<\/strong> (<a href=\"http:\/\/ires.univ-tlse3.fr\/primaire-resolution-problemes-formation-initiale\/wp-content\/uploads\/sites\/46\/2022\/03\/ires_Tlse_primaire_pb_enonces_contraintes_PE_vf3-1.pdf\" target=\"_blank\" rel=\"noopener\">pdf<\/a>) ;<\/li>\n<li>le document relatif aux <strong>probl\u00e8mes de recherche de tous les cas possibles<\/strong> (<a href=\"http:\/\/ires.univ-tlse3.fr\/primaire-resolution-problemes-formation-initiale\/wp-content\/uploads\/sites\/46\/2022\/03\/ires_Tlse_primaire_pb_enonces_cas_possibles_PE_vf2-1.pdf\">pdf<\/a>).<\/li>\n<\/ul>\n<p>Nous vous proposons de mettre en \u0153uvre en classe un ou des probl\u00e8mes parmi ceux propos\u00e9s.<\/p>\n<p>En retour, nous vous serions tr\u00e8s reconnaissants de <strong>nous<\/strong> <strong>retourner le document d&rsquo;observation pour le professeur renseign\u00e9 de vos r\u00e9ponses.<\/strong><\/p>\n<p>Vous le trouverez \u00e0 remplir en cliquant sur ce <a href=\"https:\/\/enquetes.univ-tlse2.fr\/index.php\/392239?lang=fr\">lien<\/a>.<\/p>\n<p>\u00a0Vos contributions nous seront pr\u00e9cieuses pour alimenter notre projet de brochure.<\/p>\n<p><strong>2\/ Zoom sur deux situations<\/strong><b><br \/><\/b><\/p>\n<p>Une premi\u00e8re exp\u00e9rimentation, en 2022-2023, a port\u00e9 sur la situation \u00ab\u00a0Le probl\u00e8me des maisons\u00a0\u00bb (premier probl\u00e8me du document relatif aux <strong>probl\u00e8mes de recherche de tous les cas possibles)<\/strong>\u00a0 mis en \u0153uvre dans deux classes de cycle\u00a01. Comme d\u00e9crit dans le document, ce probl\u00e8me consiste \u00e0 d\u00e9terminer toutes les maisons diff\u00e9rentes, la maison \u00e9tant constitu\u00e9e d\u2019une fa\u00e7ade carr\u00e9e et d\u2019un toit triangulaire, il y a trois couleurs de choix possibles pour la fa\u00e7ade, respectivement le toit. L\u2019analyse des choix effectu\u00e9s par les deux enseignantes, souvent tr\u00e8s diff\u00e9rents, nous a conduit \u00e0 questionner la ressource fournie en essayant de pr\u00e9ciser les \u00e9l\u00e9ments qui pr\u00e9servent l\u2019essence de la situation. Ces \u00e9l\u00e9ments sont nomm\u00e9s par Hersant \u00ab\u00a0d\u00e9terminants de la situation\u00a0\u00bb. Ce travail a donn\u00e9 lieu \u00e0 un atelier lors des journ\u00e9es nationales de l&rsquo;APMEP \u00e0 Rennes en 2023.<\/p>\n<p>Lors des ann\u00e9es 2023-2024 et 2024-2025, nous avons poursuivi ce travail sur une nouvelle situation \u00ab\u00a0Les tours\u00a0\u00bb\u00a0 que nous avons propos\u00e9e \u00e0 trois coll\u00e8gues de classes de CP (Delphine et Vincent) et CE1 (Sylvie). Apr\u00e8s analyse d&rsquo;une premi\u00e8re mise en \u0153uvre, nous avons \u00e9labor\u00e9 une grille de d\u00e9terminants de la situation que nous avons fournie aux enseignants.<\/p>\n<p>\u00a0<b>Documents propos\u00e9s au t\u00e9l\u00e9chargement<\/b> :<\/p>\n<p>Notion de d\u00e9terminants : pr\u00e9sentation support de l&rsquo;atelier des journ\u00e9es nationales de l&rsquo;APMEP \u00e0 Rennes en 2023. (<a href=\"https:\/\/owncloud.apmep.fr\/index.php\/s\/DM2kXZH6rk2NrLj?dir=undefined&amp;path=%2FAteliers%2FPlage2%2FD2-01%3A%20R%C3%A9solution%20de%20probl%C3%A8mes%20atypiques%20et%20institutionnalisation&amp;openfile=863034\">pdf<\/a>)<\/p>\n<p>Grille de d\u00e9terminants de la situation \u00ab Le probl\u00e8me des maisons \u00bb (\u00e9labor\u00e9e a posteriori des mises en \u0153uvre en classe) (<a href=\"http:\/\/ires.univ-tlse3.fr\/primaire-resolution-problemes-formation-initiale\/wp-content\/uploads\/sites\/46\/2025\/08\/Grille-de-determinants_APMEP_Les_maisons.pdf\">pdf<\/a>)<\/p>\n<p>Descriptif et grille de d\u00e9terminants de la situation \u00ab\u00a0Les tours\u00a0\u00bb fournis aux enseignants (<a href=\"http:\/\/ires.univ-tlse3.fr\/primaire-resolution-problemes-formation-initiale\/wp-content\/uploads\/sites\/46\/2025\/08\/Enonce_et_Determinants_Tours_doc_PE_distribue_v2.pdf\">pdf<\/a>)<\/p>\n<p>Pr\u00e9sentation support de l&rsquo;atelier du colloque\u00a0 COPIRELEM 2025 (<a href=\"http:\/\/ires.univ-tlse3.fr\/primaire-resolution-problemes-formation-initiale\/wp-content\/uploads\/sites\/46\/2025\/08\/presentation_copirelem_25.pdf\">pdf<\/a>)<\/p>\n<p><!-- [if gte mso 10]&gt;--><\/p>\n<h3>Semaines des maths<\/h3>\n<p>Vous trouverez, ci-dessous, les probl\u00e8mes propos\u00e9s aux classes lors des pr\u00e9c\u00e9dentes \u00e9ditions de la semaine des maths :<\/p>\n<ul>\n<li>2019 Jouons ensemble aux math\u00e9matiques\u00a0 (<a href=\"http:\/\/ires.univ-tlse3.fr\/primaire-resolution-problemes-formation-initiale\/wp-content\/uploads\/sites\/46\/2022\/02\/19_semaine_des_maths.pdf\" data-wplink-edit=\"true\">pdf<\/a>, <a href=\"http:\/\/ires.univ-tlse3.fr\/primaire-resolution-problemes-formation-initiale\/wp-content\/uploads\/sites\/46\/2022\/02\/19_semaine_des_maths.odt\">odt<\/a>, <a href=\"http:\/\/ires.univ-tlse3.fr\/primaire-resolution-problemes-formation-initiale\/wp-content\/uploads\/sites\/46\/2022\/02\/19_semaine_des_maths.docx\">docx<\/a>)<\/li>\n<li>2018 Math\u00e9matiques et mouvement (<a href=\"http:\/\/ires.univ-tlse3.fr\/primaire-resolution-problemes-formation-initiale\/wp-content\/uploads\/sites\/46\/2022\/02\/18_semaine_maths_pb_ires.pdf\">pdf<\/a>, <a href=\"http:\/\/ires.univ-tlse3.fr\/primaire-resolution-problemes-formation-initiale\/wp-content\/uploads\/sites\/46\/2022\/02\/18_semaine_maths_pb_ires.odt\">odt<\/a>, <a href=\"http:\/\/ires.univ-tlse3.fr\/primaire-resolution-problemes-formation-initiale\/wp-content\/uploads\/sites\/46\/2022\/02\/18_semaine_maths_pb_ires.docx\">docx<\/a>)<\/li>\n<li>2017 Math\u00e9matiques et langages (<a href=\"http:\/\/ires.univ-tlse3.fr\/primaire-resolution-problemes-formation-initiale\/wp-content\/uploads\/sites\/46\/2022\/02\/17_semaine_maths_pb_ires.pdf\">pdf<\/a>, <a href=\"http:\/\/ires.univ-tlse3.fr\/primaire-resolution-problemes-formation-initiale\/wp-content\/uploads\/sites\/46\/2022\/02\/17_semaine_maths_pb_ires.odt\">odt<\/a>, <a href=\"http:\/\/ires.univ-tlse3.fr\/primaire-resolution-problemes-formation-initiale\/wp-content\/uploads\/sites\/46\/2022\/02\/17_semaine_maths_pb_ires.docx\">docx<\/a>)<\/li>\n<li>2016 Maths et sport (<a href=\"http:\/\/ires.univ-tlse3.fr\/primaire-resolution-problemes-formation-initiale\/wp-content\/uploads\/sites\/46\/2022\/02\/16_semaine_maths_pb_ires.pdf\">pdf<\/a>, <a href=\"http:\/\/ires.univ-tlse3.fr\/primaire-resolution-problemes-formation-initiale\/wp-content\/uploads\/sites\/46\/2022\/02\/16_semaine_maths_pb_ires.odt\">odt<\/a>, <a href=\"http:\/\/ires.univ-tlse3.fr\/primaire-resolution-problemes-formation-initiale\/wp-content\/uploads\/sites\/46\/2022\/02\/16_semaine_maths_pb_ires.docx\">docx<\/a>)<\/li>\n<li>2015 Les math\u00e9matiques nous transportent (<a href=\"http:\/\/ires.univ-tlse3.fr\/primaire-resolution-problemes-formation-initiale\/wp-content\/uploads\/sites\/46\/2022\/02\/15_semaine_maths_pb_ires.pdf\">pdf<\/a>, <a href=\"http:\/\/ires.univ-tlse3.fr\/primaire-resolution-problemes-formation-initiale\/wp-content\/uploads\/sites\/46\/2022\/02\/15_semaine_maths_pb_ires.odt\">odt<\/a>, <a href=\"http:\/\/ires.univ-tlse3.fr\/primaire-resolution-problemes-formation-initiale\/wp-content\/uploads\/sites\/46\/2022\/02\/15_semaine_maths_pb_ires.docx\">docx<\/a>)\n<ul>\n<li>fichier pr\u00e9sentation exercice B3 (<a href=\"http:\/\/ires.univ-tlse3.fr\/primaire-resolution-problemes-formation-initiale\/wp-content\/uploads\/sites\/46\/2022\/02\/15_semainemaths_B3_tram_presentation-1.pptx\">pptx<\/a>)<\/li>\n<li>fichier son exercice D3 (<a href=\"http:\/\/ires.univ-tlse3.fr\/primaire-resolution-problemes-formation-initiale\/wp-content\/uploads\/sites\/46\/2022\/02\/15_semaine_maths_D3_duree_trajet_train_pour_vlc-1.mp4\">mp4<\/a>, <a href=\"http:\/\/ires.univ-tlse3.fr\/primaire-resolution-problemes-formation-initiale\/wp-content\/uploads\/sites\/46\/2022\/02\/15_semaine_maths_D3_duree_trajet_train1.wma\">wma<\/a>)<\/li>\n<\/ul>\n<\/li>\n<\/ul>\n","protected":false},"excerpt":{"rendered":"<p>Brochure r\u00e9solution de probl\u00e8mes Le groupe \u00ab\u00a0\u00e9cole primaire\u00a0\u00bb de l\u2019IRES\/IREM\u00a0travaille sur un projet de brochure intitul\u00e9e : R\u00e9solution de probl\u00e8mes \u00e0 l\u2019\u00e9coleVers [&hellip;]<\/p>\n","protected":false},"author":7,"featured_media":0,"parent":0,"menu_order":0,"comment_status":"closed","ping_status":"closed","template":"","meta":{"inline_featured_image":false,"footnotes":""},"class_list":["post-14","page","type-page","status-publish","hentry"],"_links":{"self":[{"href":"https:\/\/ires.univ-tlse3.fr\/primaire-resolution-problemes-formation-initiale\/wp-json\/wp\/v2\/pages\/14","targetHints":{"allow":["GET"]}}],"collection":[{"href":"https:\/\/ires.univ-tlse3.fr\/primaire-resolution-problemes-formation-initiale\/wp-json\/wp\/v2\/pages"}],"about":[{"href":"https:\/\/ires.univ-tlse3.fr\/primaire-resolution-problemes-formation-initiale\/wp-json\/wp\/v2\/types\/page"}],"author":[{"embeddable":true,"href":"https:\/\/ires.univ-tlse3.fr\/primaire-resolution-problemes-formation-initiale\/wp-json\/wp\/v2\/users\/7"}],"replies":[{"embeddable":true,"href":"https:\/\/ires.univ-tlse3.fr\/primaire-resolution-problemes-formation-initiale\/wp-json\/wp\/v2\/comments?post=14"}],"version-history":[{"count":177,"href":"https:\/\/ires.univ-tlse3.fr\/primaire-resolution-problemes-formation-initiale\/wp-json\/wp\/v2\/pages\/14\/revisions"}],"predecessor-version":[{"id":436,"href":"https:\/\/ires.univ-tlse3.fr\/primaire-resolution-problemes-formation-initiale\/wp-json\/wp\/v2\/pages\/14\/revisions\/436"}],"wp:attachment":[{"href":"https:\/\/ires.univ-tlse3.fr\/primaire-resolution-problemes-formation-initiale\/wp-json\/wp\/v2\/media?parent=14"}],"curies":[{"name":"wp","href":"https:\/\/api.w.org\/{rel}","templated":true}]}}