{"id":10,"date":"2021-10-25T17:27:38","date_gmt":"2021-10-25T15:27:38","guid":{"rendered":"https:\/\/ires.univ-tlse3.fr\/primaire-resolution-problemes-formation-initiale\/?page_id=10"},"modified":"2025-03-13T11:26:18","modified_gmt":"2025-03-13T10:26:18","slug":"accueil","status":"publish","type":"page","link":"https:\/\/ires.univ-tlse3.fr\/primaire-resolution-problemes-formation-initiale\/","title":{"rendered":"Accueil"},"content":{"rendered":"<p>Groupe \u00e9cole primaire<\/p>\n<h6>Sous-groupe \u00ab R\u00e9solution de probl\u00e8mes et formation initiale \u00bb<\/h6>\n<p><strong>Responsable<\/strong><\/p>\n<ul>\n<li>Christophe Billy, Math\u00e9matiques, INSP\u00c9 Toulouse Occitanie-Pyr\u00e9n\u00e9es, site d\u2019Albi<\/li>\n<\/ul>\n<p><strong>Membres<br \/>\n<\/strong><\/p>\n<ul>\n<li>B\u00e9n\u00e9dicte Artola,\u00a0INSP\u00c9 Toulouse Occitanie-Pyr\u00e9n\u00e9es, site de Toulouse &amp; Educ. nat.<\/li>\n<li>Jean-Fran\u00e7ois Bergeaut, Math\u00e9matiques, INSP\u00c9 Toulouse Occitanie-Pyr\u00e9n\u00e9es, site de Foix<\/li>\n<li>Marc Cailhol, Math\u00e9matiques, INSP\u00c9 Toulouse Occitanie-Pyr\u00e9n\u00e9es, site de Rodez<\/li>\n<li>Philippe Cl\u00e9ment, Math\u00e9matiques, INSP\u00c9 Toulouse Occitanie-Pyr\u00e9n\u00e9es, site de Montauban<\/li>\n<li>Pierre Danos, Math\u00e9matiques, INSP\u00c9 Toulouse Occitanie-Pyr\u00e9n\u00e9es, site d\u2019Auch<\/li>\n<li>C\u00e9dric Fruchon, Math\u00e9matiques, INSP\u00c9 Toulouse Occitanie-Pyr\u00e9n\u00e9es, site de Toulouse<\/li>\n<li>Isabelle Lauren\u00e7ot-Sorgius, Math\u00e9matiques, INSP\u00c9 Grenoble, site de Chamb\u00e9ry<\/li>\n<li>Floriane Wozniak, Math\u00e9matiques, Facult\u00e9 des Sciences, Universit\u00e9 de Montpellier<\/li>\n<\/ul>\n<p>Le groupe \u00e9cole primaire, sous-groupe \u00ab R\u00e9solution de probl\u00e8mes et formation initiale \u00bb travaille sur la r\u00e9solution de probl\u00e8mes \u00e0 l\u2019\u00e9cole primaire et con\u00e7oit des activit\u00e9s et des documents pour la formation initiale et continue des professeurs des \u00e9coles.<\/p>\n<p>Nous proposons des brochures con\u00e7ues pour les semaines des math\u00e9matiques avec des propositions de probl\u00e8mes. <a href=\"https:\/\/ires.univ-tlse3.fr\/primaire-resolution-problemes-formation-initiale\/publications\/\">Voir onglet publications.<\/a><\/p>\n<p>Dans le travail en cours nous nous sommes int\u00e9ress\u00e9s \u00e0 la phase d\u2019institutionnalisation. Nous proposons aux professeurs des \u00e9coles des analyses de probl\u00e8mes, avec une mise en \u0153uvre et des pistes d\u2019institutionnalisation. Nous proposons d\u2019exp\u00e9rimenter ces situations de probl\u00e8mes. <a href=\"https:\/\/ires.univ-tlse3.fr\/primaire-resolution-problemes-formation-initiale\/publications\/\">Voir onglet publications.<\/a><\/p>\n","protected":false},"excerpt":{"rendered":"<p>Groupe \u00e9cole primaire Sous-groupe \u00ab R\u00e9solution de probl\u00e8mes et formation initiale \u00bb Responsable Christophe Billy, Math\u00e9matiques, INSP\u00c9 Toulouse Occitanie-Pyr\u00e9n\u00e9es, site d\u2019Albi Membres [&hellip;]<\/p>\n","protected":false},"author":7,"featured_media":0,"parent":0,"menu_order":0,"comment_status":"closed","ping_status":"closed","template":"","meta":{"inline_featured_image":false,"footnotes":""},"class_list":["post-10","page","type-page","status-publish","hentry"],"_links":{"self":[{"href":"https:\/\/ires.univ-tlse3.fr\/primaire-resolution-problemes-formation-initiale\/wp-json\/wp\/v2\/pages\/10","targetHints":{"allow":["GET"]}}],"collection":[{"href":"https:\/\/ires.univ-tlse3.fr\/primaire-resolution-problemes-formation-initiale\/wp-json\/wp\/v2\/pages"}],"about":[{"href":"https:\/\/ires.univ-tlse3.fr\/primaire-resolution-problemes-formation-initiale\/wp-json\/wp\/v2\/types\/page"}],"author":[{"embeddable":true,"href":"https:\/\/ires.univ-tlse3.fr\/primaire-resolution-problemes-formation-initiale\/wp-json\/wp\/v2\/users\/7"}],"replies":[{"embeddable":true,"href":"https:\/\/ires.univ-tlse3.fr\/primaire-resolution-problemes-formation-initiale\/wp-json\/wp\/v2\/comments?post=10"}],"version-history":[{"count":74,"href":"https:\/\/ires.univ-tlse3.fr\/primaire-resolution-problemes-formation-initiale\/wp-json\/wp\/v2\/pages\/10\/revisions"}],"predecessor-version":[{"id":438,"href":"https:\/\/ires.univ-tlse3.fr\/primaire-resolution-problemes-formation-initiale\/wp-json\/wp\/v2\/pages\/10\/revisions\/438"}],"wp:attachment":[{"href":"https:\/\/ires.univ-tlse3.fr\/primaire-resolution-problemes-formation-initiale\/wp-json\/wp\/v2\/media?parent=10"}],"curies":[{"name":"wp","href":"https:\/\/api.w.org\/{rel}","templated":true}]}}