{"id":173,"date":"2016-12-16T00:20:16","date_gmt":"2016-12-15T23:20:16","guid":{"rendered":"http:\/\/ires.univ-tlse3.fr\/infini\/?page_id=173"},"modified":"2017-01-06T22:00:20","modified_gmt":"2017-01-06T21:00:20","slug":"ressources-dordre-general","status":"publish","type":"page","link":"https:\/\/ires.univ-tlse3.fr\/infini\/ressources\/ressources-dordre-general\/","title":{"rendered":"G\u00e9n\u00e9ralit\u00e9s"},"content":{"rendered":"<h1><a href=\"http:\/\/web.ac-toulouse.fr\/web\/65-actualites.php?actu=16173\">Un tableau p\u00e9riodique g\u00e9ant<\/a><\/h1>\n<table width=\"100%\">\n<tbody>\n<tr>\n<td style=\"text-align: justify\" width=\"60%\">Un projet similaire men\u00e9 en 2011 dans le cadre de l&rsquo;ann\u00e9e internationale de la chimie. Ce projet \u00e9tait port\u00e9 par Lydie Valade.<\/td>\n<td width=\"40%\"><a href=\"http:\/\/web.ac-toulouse.fr\/web\/65-actualites.php?actu=16173\"><img fetchpriority=\"high\" decoding=\"async\" class=\" wp-image-190 alignright\" src=\"http:\/\/ires.univ-tlse3.fr\/infini\/wp-content\/uploads\/sites\/9\/2016\/12\/TableauPe\u0301riodique-300x198.jpeg\" alt=\"tableauperiodique\" width=\"441\" height=\"291\" srcset=\"https:\/\/ires.univ-tlse3.fr\/infini\/wp-content\/uploads\/sites\/9\/2016\/12\/TableauPe\u0301riodique-300x198.jpeg 300w, https:\/\/ires.univ-tlse3.fr\/infini\/wp-content\/uploads\/sites\/9\/2016\/12\/TableauPe\u0301riodique-768x506.jpeg 768w, https:\/\/ires.univ-tlse3.fr\/infini\/wp-content\/uploads\/sites\/9\/2016\/12\/TableauPe\u0301riodique.jpeg 850w\" sizes=\"(max-width: 441px) 100vw, 441px\" \/><\/a><\/td>\n<\/tr>\n<\/tbody>\n<\/table>\n<h1><a href=\"http:\/\/www.lumipy.fr\/couleurs_dans_le_spectre.html\">Une frise \u00e9lectromagn\u00e9tique g\u00e9ante<\/a><\/h1>\n<table width=\"100%\">\n<tbody>\n<tr>\n<td style=\"text-align: justify\" width=\"60%\">Un projet similaire men\u00e9 en 2015 dans le cadre de l&rsquo;ann\u00e9e internationale de la lumi\u00e8re. Ce projet \u00e9tait port\u00e9 par Renaud Mathevet.<\/td>\n<td width=\"40%\"><a href=\"http:\/\/www.lumipy.fr\/couleurs_dans_le_spectre.html\"><img decoding=\"async\" class=\" wp-image-189 alignright\" src=\"http:\/\/ires.univ-tlse3.fr\/infini\/wp-content\/uploads\/sites\/9\/2016\/12\/FriseComplete-300x147.jpeg\" alt=\"frisecomplete\" width=\"448\" height=\"220\" srcset=\"https:\/\/ires.univ-tlse3.fr\/infini\/wp-content\/uploads\/sites\/9\/2016\/12\/FriseComplete-300x147.jpeg 300w, https:\/\/ires.univ-tlse3.fr\/infini\/wp-content\/uploads\/sites\/9\/2016\/12\/FriseComplete-768x376.jpeg 768w, https:\/\/ires.univ-tlse3.fr\/infini\/wp-content\/uploads\/sites\/9\/2016\/12\/FriseComplete.jpeg 1024w\" sizes=\"(max-width: 448px) 100vw, 448px\" \/><\/a><\/td>\n<\/tr>\n<\/tbody>\n<\/table>\n<h1><a href=\"http:\/\/htwins.net\/scale2\/\">Le Service \u00e9ducatif de l&rsquo;Observatoire Midi-Pyr\u00e9n\u00e9es<\/a><\/h1>\n<table width=\"100%\">\n<tbody>\n<tr>\n<td style=\"text-align: justify\" width=\"60%\">Ce service a \u00e9t\u00e9 cr\u00e9\u00e9 conjointement par le Rectorat de l\u2019Acad\u00e9mie de Toulouse et l&rsquo;OMP en 2012 dans le but de faire conna\u00eetre et d&rsquo;utiliser au mieux les ressources de l&rsquo;Observatoire dans le domaine de l&rsquo;astronomie, des sciences de la Terre, de l&rsquo;environnement et de l&rsquo;espace.<\/td>\n<td width=\"40%\"><a href=\"http:\/\/edu.obs-mip.fr\/\"><img decoding=\"async\" class=\" wp-image-130 alignright\" src=\"http:\/\/ires.univ-tlse3.fr\/infini\/wp-content\/uploads\/sites\/9\/2016\/12\/OMP-300x99.png\" alt=\"omp\" width=\"324\" height=\"107\" srcset=\"https:\/\/ires.univ-tlse3.fr\/infini\/wp-content\/uploads\/sites\/9\/2016\/12\/OMP-300x99.png 300w, https:\/\/ires.univ-tlse3.fr\/infini\/wp-content\/uploads\/sites\/9\/2016\/12\/OMP-768x253.png 768w, https:\/\/ires.univ-tlse3.fr\/infini\/wp-content\/uploads\/sites\/9\/2016\/12\/OMP-1024x337.png 1024w, https:\/\/ires.univ-tlse3.fr\/infini\/wp-content\/uploads\/sites\/9\/2016\/12\/OMP.png 1148w\" sizes=\"(max-width: 324px) 100vw, 324px\" \/><\/a><\/td>\n<\/tr>\n<\/tbody>\n<\/table>\n<h1><a href=\"http:\/\/images.math.cnrs.fr\/\">Images des math\u00e9matiques<\/a><\/h1>\n<table width=\"100%\">\n<tbody>\n<tr>\n<td style=\"text-align: justify\" width=\"60%\">Un site dont l&rsquo;objectif est de communiquer la passion des math\u00e9matiques.<\/td>\n<td width=\"40%\"><a href=\"http:\/\/images.math.cnrs.fr\/\"><img loading=\"lazy\" decoding=\"async\" class=\"size-medium wp-image-256 alignright\" src=\"http:\/\/ires.univ-tlse3.fr\/infini\/wp-content\/uploads\/sites\/9\/2016\/12\/IDM-300x82.png\" alt=\"idm\" width=\"300\" height=\"82\" srcset=\"https:\/\/ires.univ-tlse3.fr\/infini\/wp-content\/uploads\/sites\/9\/2016\/12\/IDM-300x82.png 300w, https:\/\/ires.univ-tlse3.fr\/infini\/wp-content\/uploads\/sites\/9\/2016\/12\/IDM.png 312w\" sizes=\"(max-width: 300px) 100vw, 300px\" \/><\/a><\/td>\n<\/tr>\n<\/tbody>\n<\/table>\n<h1><a href=\"http:\/\/culturemath.ens.fr\/\">CultureMATH<\/a><\/h1>\n<table width=\"100%\">\n<tbody>\n<tr>\n<td style=\"text-align: justify\" width=\"60%\">Un site d\u00e9di\u00e9 \u00e0 l&rsquo;enrichissement de la formation disciplinaire des enseignants de math\u00e9matiques.<\/td>\n<td width=\"40%\"><a href=\"http:\/\/culturemath.ens.fr\/\"><img loading=\"lazy\" decoding=\"async\" class=\"size-medium wp-image-259 alignright\" src=\"http:\/\/ires.univ-tlse3.fr\/infini\/wp-content\/uploads\/sites\/9\/2016\/12\/CultureMATH-300x53.png\" alt=\"culturemath\" width=\"300\" height=\"53\" srcset=\"https:\/\/ires.univ-tlse3.fr\/infini\/wp-content\/uploads\/sites\/9\/2016\/12\/CultureMATH-300x53.png 300w, https:\/\/ires.univ-tlse3.fr\/infini\/wp-content\/uploads\/sites\/9\/2016\/12\/CultureMATH.png 389w\" sizes=\"(max-width: 300px) 100vw, 300px\" \/><\/a><\/td>\n<\/tr>\n<\/tbody>\n<\/table>\n<h1><a href=\"https:\/\/sciencetonnante.wordpress.com\/\">Science \u00e9tonnante<\/a><\/h1>\n<table width=\"100%\">\n<tbody>\n<tr>\n<td style=\"text-align: justify\" width=\"70%\">Un site de vulgarisation scientifique, le blog de David Louapre, auteur de <em>Mais qui a attrap\u00e9 le bison de Higgs<\/em>.<\/td>\n<td width=\"30%\"><a href=\"https:\/\/sciencetonnante.wordpress.com\/\"><img loading=\"lazy\" decoding=\"async\" class=\" wp-image-299 alignright\" src=\"http:\/\/ires.univ-tlse3.fr\/infini\/wp-content\/uploads\/sites\/9\/2016\/12\/louapre-217x300.png\" alt=\"louapre\" width=\"161\" height=\"223\" srcset=\"https:\/\/ires.univ-tlse3.fr\/infini\/wp-content\/uploads\/sites\/9\/2016\/12\/louapre-217x300.png 217w, https:\/\/ires.univ-tlse3.fr\/infini\/wp-content\/uploads\/sites\/9\/2016\/12\/louapre.png 300w\" sizes=\"(max-width: 161px) 100vw, 161px\" \/><\/a><\/td>\n<\/tr>\n<\/tbody>\n<\/table>\n<h1><a href=\"http:\/\/www.worldometers.info\/fr\/\">Worldometers<\/a><\/h1>\n<table width=\"100%\">\n<tbody>\n<tr>\n<td style=\"text-align: justify\" width=\"70%\">Calcul en temps r\u00e9el de donn\u00e9es relatives \u00e0 la population mondiale, le gouvernement et l&rsquo;\u00e9conomie, l&rsquo;environnement, l&rsquo;alimentation, l&rsquo;eau, l&rsquo;\u00e9nergie, la sant\u00e9.<\/td>\n<td width=\"30%\"><a href=\"http:\/\/www.worldometers.info\/fr\/\"><img loading=\"lazy\" decoding=\"async\" class=\"alignnone size-full wp-image-388\" src=\"http:\/\/ires.univ-tlse3.fr\/infini\/wp-content\/uploads\/sites\/9\/2016\/12\/worldometers.jpeg\" alt=\"\" width=\"200\" height=\"200\" srcset=\"https:\/\/ires.univ-tlse3.fr\/infini\/wp-content\/uploads\/sites\/9\/2016\/12\/worldometers.jpeg 200w, https:\/\/ires.univ-tlse3.fr\/infini\/wp-content\/uploads\/sites\/9\/2016\/12\/worldometers-150x150.jpeg 150w\" sizes=\"(max-width: 200px) 100vw, 200px\" \/><\/a><\/td>\n<\/tr>\n<\/tbody>\n<\/table>\n","protected":false},"excerpt":{"rendered":"<p>Un tableau p\u00e9riodique g\u00e9ant Un projet similaire men\u00e9 en 2011 dans le cadre de l&rsquo;ann\u00e9e internationale de la chimie. Ce projet \u00e9tait [&hellip;]<\/p>\n","protected":false},"author":8,"featured_media":0,"parent":46,"menu_order":1,"comment_status":"closed","ping_status":"closed","template":"","meta":{"inline_featured_image":false,"footnotes":""},"class_list":["post-173","page","type-page","status-publish","hentry"],"_links":{"self":[{"href":"https:\/\/ires.univ-tlse3.fr\/infini\/wp-json\/wp\/v2\/pages\/173","targetHints":{"allow":["GET"]}}],"collection":[{"href":"https:\/\/ires.univ-tlse3.fr\/infini\/wp-json\/wp\/v2\/pages"}],"about":[{"href":"https:\/\/ires.univ-tlse3.fr\/infini\/wp-json\/wp\/v2\/types\/page"}],"author":[{"embeddable":true,"href":"https:\/\/ires.univ-tlse3.fr\/infini\/wp-json\/wp\/v2\/users\/8"}],"replies":[{"embeddable":true,"href":"https:\/\/ires.univ-tlse3.fr\/infini\/wp-json\/wp\/v2\/comments?post=173"}],"version-history":[{"count":19,"href":"https:\/\/ires.univ-tlse3.fr\/infini\/wp-json\/wp\/v2\/pages\/173\/revisions"}],"predecessor-version":[{"id":389,"href":"https:\/\/ires.univ-tlse3.fr\/infini\/wp-json\/wp\/v2\/pages\/173\/revisions\/389"}],"up":[{"embeddable":true,"href":"https:\/\/ires.univ-tlse3.fr\/infini\/wp-json\/wp\/v2\/pages\/46"}],"wp:attachment":[{"href":"https:\/\/ires.univ-tlse3.fr\/infini\/wp-json\/wp\/v2\/media?parent=173"}],"curies":[{"name":"wp","href":"https:\/\/api.w.org\/{rel}","templated":true}]}}