{"id":892,"date":"2020-04-24T17:43:33","date_gmt":"2020-04-24T15:43:33","guid":{"rendered":"http:\/\/ires.univ-tlse3.fr\/esprit-critique-science-et-medias\/?page_id=892"},"modified":"2020-04-27T09:31:25","modified_gmt":"2020-04-27T07:31:25","slug":"cartographie-de-controverses-mediatiques-en-relation-avec-les-sciences","status":"publish","type":"page","link":"https:\/\/ires.univ-tlse3.fr\/esprit-critique-science-et-medias\/?page_id=892","title":{"rendered":"Cartographie de controverses m\u00e9diatiques en relation avec les sciences"},"content":{"rendered":"\n<p class=\"has-text-align-justify\">17\/04\/2020<\/p>\n\n\n\n<p class=\"has-text-align-justify\">La cartographie de controverses m\u00e9diatiques en relation avec les sciences consiste \u00e0 recenser les acteurs et les arguments relatifs \u00e0 une controverse scientifique (r\u00e9solue ou pas), socio-scientifique ou socio-technique ayant une r\u00e9sonance m\u00e9diatique, puis \u00e0 en proposer une repr\u00e9sentation sch\u00e9matique, type carte mentale.<\/p>\n\n\n\n<p class=\"has-text-align-justify\">L\u2019objectif est d\u2019identifier la nature des arguments avanc\u00e9s, afin de pouvoir distinguer ce qui rel\u00e8ve d\u2019une part de la connaissance scientifique, et d\u2019autre part, d\u2019une croyance ou opinion.<\/p>\n\n\n\n<p class=\"has-text-align-justify\">Il existe plusieurs enjeux \u00e9ducatifs \u00e0 \u00e9tudier des controverses en relation avec les sciences et \u00e0 les cartographier : d\u00e9gager les int\u00e9r\u00eats, les acteurs et leurs intentions, les diff\u00e9rents arguments, les biais et les proc\u00e9d\u00e9s rh\u00e9toriques utilis\u00e9s, r\u00e9tablir le statut de la connaissance scientifique.<\/p>\n\n\n\n<p class=\"has-text-align-center\">Fiche \u00e0 t\u00e9l\u00e9charger<\/p>\n\n\n\n<div class=\"wp-block-file aligncenter\"><a href=\"https:\/\/ires.univ-tlse3.fr\/esprit-critique-science-et-medias\/wp-content\/uploads\/sites\/11\/2020\/04\/Fiche-Ressource-pe\u0301dagogique-IRES-cartograhie-controverse.pdf\" target=\"_blank\" rel=\"noreferrer noopener\">Activit\u00e9 : cartographie des controverses<\/a><\/div>\n\n\n\n<p><\/p>\n\n\n\n<p class=\"has-text-align-center\">Fiches Outils<\/p>\n\n\n\n<div class=\"wp-block-file aligncenter\"><a href=\"https:\/\/ires.univ-tlse3.fr\/esprit-critique-science-et-medias\/wp-content\/uploads\/sites\/11\/2020\/04\/Fiche-guide-pour-construire-une-cartographie-de-controverse-2.pdf\" target=\"_blank\" rel=\"noreferrer noopener\">Fiche guide pour construire une cartographie de controverse<\/a><\/div>\n\n\n\n<div class=\"wp-block-file aligncenter\"><a href=\"https:\/\/ires.univ-tlse3.fr\/esprit-critique-science-et-medias\/wp-content\/uploads\/sites\/11\/2020\/04\/Analyse-dune-information-1-1.pdf\" target=\"_blank\" rel=\"noreferrer noopener\">Fiche Analyse d&rsquo;une information<\/a><\/div>\n\n\n\n<div class=\"wp-block-file aligncenter\"><a href=\"https:\/\/ires.univ-tlse3.fr\/esprit-critique-science-et-medias\/wp-content\/uploads\/sites\/11\/2020\/04\/e\u0301valuer-une-source-1-1.pdf\" target=\"_blank\" rel=\"noreferrer noopener\">Fiche Analyse d&rsquo;une source d&rsquo;information <\/a><\/div>\n","protected":false},"excerpt":{"rendered":"<p>17\/04\/2020 La cartographie de controverses m\u00e9diatiques en relation avec les sciences consiste \u00e0 recenser les acteurs et les arguments relatifs \u00e0 une [&hellip;]<\/p>\n","protected":false},"author":14,"featured_media":0,"parent":0,"menu_order":0,"comment_status":"closed","ping_status":"closed","template":"","meta":{"inline_featured_image":false,"jetpack_post_was_ever_published":false,"footnotes":""},"class_list":["post-892","page","type-page","status-publish","hentry"],"jetpack_sharing_enabled":true,"jetpack_shortlink":"https:\/\/wp.me\/P8paGj-eo","jetpack-related-posts":[],"_links":{"self":[{"href":"https:\/\/ires.univ-tlse3.fr\/esprit-critique-science-et-medias\/index.php?rest_route=\/wp\/v2\/pages\/892","targetHints":{"allow":["GET"]}}],"collection":[{"href":"https:\/\/ires.univ-tlse3.fr\/esprit-critique-science-et-medias\/index.php?rest_route=\/wp\/v2\/pages"}],"about":[{"href":"https:\/\/ires.univ-tlse3.fr\/esprit-critique-science-et-medias\/index.php?rest_route=\/wp\/v2\/types\/page"}],"author":[{"embeddable":true,"href":"https:\/\/ires.univ-tlse3.fr\/esprit-critique-science-et-medias\/index.php?rest_route=\/wp\/v2\/users\/14"}],"replies":[{"embeddable":true,"href":"https:\/\/ires.univ-tlse3.fr\/esprit-critique-science-et-medias\/index.php?rest_route=%2Fwp%2Fv2%2Fcomments&post=892"}],"version-history":[{"count":7,"href":"https:\/\/ires.univ-tlse3.fr\/esprit-critique-science-et-medias\/index.php?rest_route=\/wp\/v2\/pages\/892\/revisions"}],"predecessor-version":[{"id":935,"href":"https:\/\/ires.univ-tlse3.fr\/esprit-critique-science-et-medias\/index.php?rest_route=\/wp\/v2\/pages\/892\/revisions\/935"}],"wp:attachment":[{"href":"https:\/\/ires.univ-tlse3.fr\/esprit-critique-science-et-medias\/index.php?rest_route=%2Fwp%2Fv2%2Fmedia&parent=892"}],"curies":[{"name":"wp","href":"https:\/\/api.w.org\/{rel}","templated":true}]}}