{"id":762,"date":"2020-02-07T16:40:19","date_gmt":"2020-02-07T15:40:19","guid":{"rendered":"http:\/\/ires.univ-tlse3.fr\/esprit-critique-science-et-medias\/?page_id=762"},"modified":"2020-04-24T17:03:26","modified_gmt":"2020-04-24T15:03:26","slug":"rendre-visible-les-donnees-avec-google-trends","status":"publish","type":"page","link":"https:\/\/ires.univ-tlse3.fr\/esprit-critique-science-et-medias\/?page_id=762","title":{"rendered":"Rendre visibles les donn\u00e9es avec Google Trends"},"content":{"rendered":"<p>07\/02\/2020<\/p>\n<p><span style=\"font-weight: 400\">Les requ\u00eates \u00e9crites dans les moteurs de recherche sont des donn\u00e9es collect\u00e9es et utilis\u00e9es au sein d\u2019algorithmes par ces m\u00eames moteurs de recherche afin de cr\u00e9er des profils d\u2019internautes pour satisfaire leurs besoins via la pr\u00e9diction ou la recommandation de produits, de ressources, de vid\u00e9os, d\u2019images.<\/span><\/p>\n<p><span style=\"font-weight: 400\">Cependant, comment prendre conscience de cette collecte de donn\u00e9es qui ne se voit pas et ne se ressent pas ?<\/span><\/p>\n<p>Cette activit\u00e9 est courte et peut se faire apr\u00e8s un apport th\u00e9orique sur le fonctionnement des moteurs de recherche ou sur les donn\u00e9es et leur collecte en lien avec la notion de \u00ab\u00a0profil\u00a0\u00bb par exemple.<\/p>\n<p style=\"text-align: center\">Fiche \u00e0 t\u00e9l\u00e9charger<\/p>\n<p style=\"text-align: center\"><a href=\"http:\/\/ires.univ-tlse3.fr\/esprit-critique-science-et-medias\/wp-content\/uploads\/sites\/11\/2020\/02\/Rendre-visible-les-donn\u00e9es-avec-Google-Trends.pdf\">Rendre visibles les donn\u00e9es avec Google Trends<\/a><\/p>\n","protected":false},"excerpt":{"rendered":"<p>07\/02\/2020 Les requ\u00eates \u00e9crites dans les moteurs de recherche sont des donn\u00e9es collect\u00e9es et utilis\u00e9es au sein d\u2019algorithmes par ces m\u00eames moteurs [&hellip;]<\/p>\n","protected":false},"author":14,"featured_media":0,"parent":33,"menu_order":0,"comment_status":"closed","ping_status":"closed","template":"","meta":{"inline_featured_image":false,"jetpack_post_was_ever_published":false,"footnotes":""},"class_list":["post-762","page","type-page","status-publish","hentry"],"jetpack_sharing_enabled":true,"jetpack_shortlink":"https:\/\/wp.me\/P8paGj-ci","jetpack-related-posts":[],"_links":{"self":[{"href":"https:\/\/ires.univ-tlse3.fr\/esprit-critique-science-et-medias\/index.php?rest_route=\/wp\/v2\/pages\/762","targetHints":{"allow":["GET"]}}],"collection":[{"href":"https:\/\/ires.univ-tlse3.fr\/esprit-critique-science-et-medias\/index.php?rest_route=\/wp\/v2\/pages"}],"about":[{"href":"https:\/\/ires.univ-tlse3.fr\/esprit-critique-science-et-medias\/index.php?rest_route=\/wp\/v2\/types\/page"}],"author":[{"embeddable":true,"href":"https:\/\/ires.univ-tlse3.fr\/esprit-critique-science-et-medias\/index.php?rest_route=\/wp\/v2\/users\/14"}],"replies":[{"embeddable":true,"href":"https:\/\/ires.univ-tlse3.fr\/esprit-critique-science-et-medias\/index.php?rest_route=%2Fwp%2Fv2%2Fcomments&post=762"}],"version-history":[{"count":5,"href":"https:\/\/ires.univ-tlse3.fr\/esprit-critique-science-et-medias\/index.php?rest_route=\/wp\/v2\/pages\/762\/revisions"}],"predecessor-version":[{"id":813,"href":"https:\/\/ires.univ-tlse3.fr\/esprit-critique-science-et-medias\/index.php?rest_route=\/wp\/v2\/pages\/762\/revisions\/813"}],"up":[{"embeddable":true,"href":"https:\/\/ires.univ-tlse3.fr\/esprit-critique-science-et-medias\/index.php?rest_route=\/wp\/v2\/pages\/33"}],"wp:attachment":[{"href":"https:\/\/ires.univ-tlse3.fr\/esprit-critique-science-et-medias\/index.php?rest_route=%2Fwp%2Fv2%2Fmedia&parent=762"}],"curies":[{"name":"wp","href":"https:\/\/api.w.org\/{rel}","templated":true}]}}