{"id":557,"date":"2018-10-06T20:39:49","date_gmt":"2018-10-06T18:39:49","guid":{"rendered":"http:\/\/ires.univ-tlse3.fr\/esprit-critique-science-et-medias\/?page_id=557"},"modified":"2020-04-22T17:35:21","modified_gmt":"2020-04-22T15:35:21","slug":"creer-un-fake-pour-combattre-les-fakenews-une-bonne-strategie","status":"publish","type":"page","link":"https:\/\/ires.univ-tlse3.fr\/esprit-critique-science-et-medias\/?page_id=557","title":{"rendered":"Cr\u00e9er un fake pour combattre les fakenews, une bonne strat\u00e9gie ?"},"content":{"rendered":"<p>06\/10\/2018<\/p>\n<p style=\"text-align: center\"><a href=\"https:\/\/www.iiiprs.org\/2018-04-16\" target=\"_blank\" rel=\"noopener noreferrer\">https:\/\/www.iiiprs.org\/2018-04-16<\/a><\/p>\n<p>&nbsp;<\/p>\n<blockquote>\n<p style=\"padding-left: 30px\"><span style=\"font-weight: 400\">L&rsquo; <\/span><i><span style=\"font-weight: 400\">\u201cInstitut International Ind\u00e9pendant pour la Promotion de la Recherche Scientifique regroupe plusieurs centaines de chercheurs ind\u00e9pendants des lobbies de l&rsquo;industrie pharmaceutique (&#8230;) L&rsquo;IIIPRS fut cr\u00e9\u00e9 en 1984 par le Pr Claude Belpoire (&#8230;) professeur de canc\u00e9rologie \u00e0 l&rsquo;universit\u00e9 Paris-Dauphine (Paris IX). Membre de plusieurs soci\u00e9t\u00e9s savantes internationales et pr\u00e9sident de l\u2019IIIPRS, ce canc\u00e9rologue fran\u00e7ais est internationalement connu pour ses travaux de recherche sur le cancer.\u201d <\/span><\/i><span style=\"font-weight: 400\">Il a \u00e9galement <\/span><i><span style=\"font-weight: 400\">\u201c<\/span><\/i><i><span style=\"font-weight: 400\">\u00e9t\u00e9 chef de clinique \u00e0 l&rsquo;Institut Gustave Cramoisy \u00e0 Montargis en 1977\u201d.<\/span><\/i><\/p>\n<\/blockquote>\n<p><span style=\"font-weight: 400\">Une pr\u00e9sentation plut\u00f4t convaincante \u00e0 premi\u00e8re vue pour qui n\u2019est pas familier des personnes et \u00e9tablissements cit\u00e9s. Ni les uns ni les autres n\u2019ont, pourtant, d\u2019existence r\u00e9elle. Or, \u201c<\/span><span style=\"font-weight: 400\">L&rsquo;IIIPRS cherche \u00e0 promouvoir la Science face \u00e0 la recrudescence des fausses nouvelles (fake news) et \u00e0 la pression toujours plus forte des lobbies des industries pharmaceutiques et m\u00e9dicales.\u201d <\/span><span style=\"font-weight: 400\">L\u2019efficacit\u00e9 de cette action est incertaine : d\u2019une part susceptible d\u2019induire le public en erreur, d\u2019autre part le contenu peut \u00eatre r\u00e9cup\u00e9r\u00e9 dans des discours militants anxiog\u00e8nes et d\u00e9nu\u00e9s de fond scientifique.<\/span><\/p>\n<p><span style=\"font-weight: 400\">Comment v\u00e9rifier la fiabilit\u00e9 de ce site qui pr\u00e9tend relayer des r\u00e9sultats d\u2019\u00e9tudes scientifique, sans avoir \u00e0 passer des heures \u00e0 aller v\u00e9rifier l\u2019exactitude des informations scientifiques propos\u00e9es et leur niveau de preuve ?<\/span><\/p>\n<p>&nbsp;<\/p>\n<p><b>Voici deux questions \u00e0 se poser :<\/b><\/p>\n<p><b>1) Qui est ce scientifique pr\u00e9sent\u00e9 comme \u00e9tant le cr\u00e9ateur du site, associ\u00e9 \u00e0 plusieurs centaines de chercheurs ?<\/b><\/p>\n<ul>\n<li><span style=\"font-weight: 400\">Claude Belpoire, nom bien symbolique si on le lit calmement. Le doute s\u2019installe. <\/span><\/li>\n<li><span style=\"font-weight: 400\">Il est professeur \u00e0 l\u2019Universit\u00e9 Paris Dauphine dont les \u00e9tudes portent sur Gestion, \u00e9conomie, math\u00e9matique, informatique, sciences politique, sociologie, droit. (<\/span><a href=\"http:\/\/www.dauphine.fr\/\"><span style=\"font-weight: 400\">www.dauphine.fr\/<\/span><\/a><span style=\"font-weight: 400\">), donc sans rapport avec le domaine de la sant\u00e9. Le doute prend racine.<\/span><\/li>\n<li><span style=\"font-weight: 400\">Ce scientifique \u00e9minent a travaill\u00e9 \u00e0 l\u2019Institut Gustave Cramoisy : nom encore bien symbolique et institut qui n\u2019existe pas. <\/span><\/li>\n<\/ul>\n<p><span style=\"font-weight: 400\">Plus besoin d\u2019aller plus loin, le CV est enti\u00e8rement fictif avec des lieux imaginaires et noms bien parlants. Le site est donc un <\/span><b>fake.<\/b><\/p>\n<p><b>2) Pourquoi cr\u00e9er ce site? quelle est l\u2019intention de publication ? <\/b><\/p>\n<p><span style=\"font-weight: 400\">\u201c<\/span><i><span style=\"font-weight: 400\">L&rsquo;IIIPRS cherche \u00e0 promouvoir la Science face \u00e0 la recrudescence des fausses nouvelles (fake news) et \u00e0 la pression toujours plus forte des lobbies des industries pharmaceutiques et m\u00e9dicales. Tous les jours, nos chercheurs \u00e9tudient les nouvelles publications scientifiques pour en rapporter une synth\u00e8se neutre et objective au grand public. Nous cherchons ainsi \u00e0 lutter contre les pseudosciences et la d\u00e9sinformation sur Internet. En tant qu&rsquo;organisme ind\u00e9pendant, l&rsquo;IIIRPS refuse tout financement de soci\u00e9t\u00e9s commerciales (y compris toute forme de publicit\u00e9 directe ou indirecte).\u201d <\/span><\/i><\/p>\n<p><span style=\"font-weight: 400\">Ainsi, l\u2019intention de publication affich\u00e9e est de diffuser de vraies informations v\u00e9rifi\u00e9es et sans aucune influence externe MAIS sous l\u2019autorit\u00e9 d\u2019un faux scientifique qui n\u2019existe pas.<\/span><\/p>\n<p>&nbsp;<\/p>\n<p><span style=\"font-weight: 400\"><strong>Si on continue notre investigation, nous lisons le reste de la page<\/strong> o\u00f9 une m\u00e9thodologie de v\u00e9rification des articles scientifiques est propos\u00e9e, m\u00e9thodologie qui, en fait, est celle \u00e0 appliquer \u00e0 leur propre site.<\/span><\/p>\n<p><em><span style=\"font-weight: 400\"> \u201cComment puis-je aider l&rsquo;IIIPRS ?<\/span><\/em><\/p>\n<p><em><span style=\"font-weight: 400\">En propageant les bases de la m\u00e9thode scientifique aupr\u00e8s de vos proches. En mati\u00e8re scientifique, voici quelques r\u00e8gles simples \u00e0 avoir toujours \u00e0 l&rsquo;esprit lorsque vous consultez une publication en ligne.<\/span><\/em><\/p>\n<ul>\n<li style=\"font-weight: 400\"><em><span style=\"font-weight: 400\">Une unique \u00e9tude (quelles que soient ses conclusions) n&rsquo;a jamais fait une v\u00e9rit\u00e9 scientifique. <\/span><\/em><\/li>\n<li style=\"font-weight: 400\"><em><span style=\"font-weight: 400\">Des r\u00e9sultats obtenus sur des animaux de laboratoire ne sont pas obligatoirement transposables chez l&rsquo;homme. <\/span><\/em><\/li>\n<li style=\"font-weight: 400\"><em><span style=\"font-weight: 400\">Des affirmations extraordinaires n\u00e9cessitent des preuves extraordinaires, sans quoi il s&rsquo;agit le plus souvent de charlatanerie. <\/span><\/em><\/li>\n<li style=\"font-weight: 400\"><em><span style=\"font-weight: 400\">En science, il est impossible de prouver l&rsquo;absence d&rsquo;un ph\u00e9nom\u00e8ne. <\/span><\/em><\/li>\n<li style=\"font-weight: 400\"><em><span style=\"font-weight: 400\">La dose fait le poison. <\/span><\/em><\/li>\n<li style=\"font-weight: 400\"><em><span style=\"font-weight: 400\">Remontez toujours \u00e0 la source originale de l&rsquo;information afin de vous faire une id\u00e9e de sa cr\u00e9dibilit\u00e9.<\/span><\/em><\/li>\n<li style=\"font-weight: 400\"><em><span style=\"font-weight: 400\">Ne vous laissez pas abuser par les \u00ab\u00a0fondations\u00a0\u00bb et autres \u00ab\u00a0centres de recherche ind\u00e9pendants\u00a0\u00bb. <\/span><\/em><\/li>\n<li style=\"font-weight: 400\"><em><span style=\"font-weight: 400\">Le doctorat, le prix Nobel ou autres distinctions\/dipl\u00f4mes prestigieux ne prot\u00e8gent nullement leurs titulaires du fourvoiement. Un m\u00e9decin n&rsquo;a pas forc\u00e9ment raison parce qu&rsquo;il poss\u00e8de un ou plusieurs doctorats.\u201d<\/span><\/em><\/li>\n<\/ul>\n<p><span style=\"font-weight: 400\">Ainsi, la v\u00e9ritable intention de publication (que nous comprenons de fa\u00e7on implicite) de ce site ainsi que de leur compte twitter @<\/span><a href=\"https:\/\/twitter.com\/iiiprs\"><span style=\"font-weight: 400\">iiiprs<\/span><\/a><span style=\"font-weight: 400\"> est de <strong>combattre les fakenews.<\/strong><\/span><\/p>\n<p>&nbsp;<\/p>\n<p><b>Strat\u00e9gie suivante: nous avons \u00e9valu\u00e9 l\u2019expertise de l\u2019auteur et son intention, entrons maintenant dans la structure des articles. <\/b><span style=\"font-weight: 400\">Chaque article d\u00e9bute par la m\u00eame structure de chap\u00f4, mise en gras :<\/span><\/p>\n<table>\n<tbody>\n<tr>\n<td style=\"text-align: center\"><span style=\"font-weight: 400\">De nouvelles preuves scientifiques associent la leucodystrophie et les ondes de la 4G<\/span><\/td>\n<td style=\"text-align: center\"><span style=\"font-weight: 400\">Les compteurs Linky provoqueraient l&rsquo;intol\u00e9rance au gluten, selon des chercheurs de l&rsquo;universit\u00e9 de Princeton<\/span><\/td>\n<td style=\"text-align: center\"><span style=\"font-weight: 400\">Fibromyalgie : une nouvelle \u00e9tude de l&rsquo;universit\u00e9 de Yale accuse le vaccin hexavalent<\/span><\/td>\n<\/tr>\n<tr>\n<td><span style=\"font-weight: 400\">La leucodystrophie, une maladie g\u00e9n\u00e9tique rare,<\/span><span style=\"color: #ffff99\"><b><span style=\"color: #000000\"> demeurait depuis longtemps une \u00e9nigme pour la m\u00e9decine. Cette pathologie provoque chez les patients atteints<\/span> <\/b><\/span><span style=\"font-weight: 400\">une intol\u00e9rence au lactose, une hyper-sensibilit\u00e9 du scrotum <\/span><span style=\"color: #0000ff\"><b>et parfois<\/b><\/span><span style=\"font-weight: 400\"> des d\u00e9mangeaisons cutan\u00e9es<\/span><b>. <span style=\"color: #008000\">Un lien avec <\/span><\/b><span style=\"font-weight: 400\">les ondes de la 4G<\/span> <strong><span style=\"color: #800000\">\u00e9tait envisag\u00e9 depuis longtemps, sans toutefois que des preuves scientifiques solides ne viennent \u00e9tayer cette hypoth\u00e9se. Une nouvelle \u00e9tude, publi\u00e9e r\u00e9cemment par une \u00e9quipe de <\/span><\/strong><span style=\"font-weight: 400\"><strong><span style=\"color: #800000\">l&rsquo;universit\u00e9<\/span><\/strong> de Yale<\/span><b><span style=\"color: #008080\"> dans la revue de r\u00e9f\u00e9rence<\/span> <\/b><i><span style=\"font-weight: 400\">Nature<\/span><\/i><span style=\"font-weight: 400\">,<\/span><span style=\"color: #ff6600\"><b> vient toutefois confirmer ces soup\u00e7ons.<\/b><\/span><\/td>\n<td><span style=\"font-weight: 400\">L&rsquo;intol\u00e9rance au gluten, une affection \u00e9galement connue sous le nom de maladie c\u0153liaque, <\/span><b>demeurait depuis longtemps une \u00e9nigme pour la m\u00e9decine. Cette pathologie provoque chez les patients atteints <\/b><span style=\"font-weight: 400\">des naus\u00e9es matinales, une n\u00e9crose putride des sphincters<\/span><span style=\"color: #0000ff\"><b> et parfois <\/b><\/span><span style=\"font-weight: 400\">des difficult\u00e9s de concentration.<\/span><span style=\"color: #008000\"><b> Un lien avec<\/b><\/span><span style=\"font-weight: 400\"> les compteurs Linky <\/span><strong><span style=\"color: #800000\">\u00e9tait envisag\u00e9 depuis longtemps, sans toutefois que des preuves scientifiques solides ne viennent \u00e9tayer cette hypoth\u00e9se. Une nouvelle \u00e9tude, publi\u00e9e r\u00e9cemment par une \u00e9quipe de l&rsquo;universit\u00e9 de<\/span> <\/strong><span style=\"font-weight: 400\">Princeton<\/span><span style=\"color: #008080\"><b> dans la revue de r\u00e9f\u00e9rence <\/b><\/span><i><span style=\"font-weight: 400\">The Journal of the American Medical Association<\/span><\/i><b>, <span style=\"color: #ff6600\">vient toutefois confirmer ces soup\u00e7ons.<\/span><\/b><\/td>\n<td><span style=\"font-weight: 400\">La fibromyalgie, une maladie provoquant de nombreuses douleurs invalidantes<\/span><b>, demeurait depuis longtemps une \u00e9nigme pour la m\u00e9decine. Cette pathologie provoque chez les patients <\/b><span style=\"font-weight: 400\">atteints la p\u00e9cole (d\u00e9collement du tissu conjonctif g\u00e9nital), une intol\u00e9rence au lactose <\/span><span style=\"color: #0000ff\"><b>et parfois <\/b><\/span><span style=\"font-weight: 400\">des naus\u00e9es matinales<\/span><b>. <\/b><strong><span style=\"color: #008000\">Un lien <\/span><\/strong><span style=\"font-weight: 400\"><strong><span style=\"color: #008000\">avec<\/span><\/strong> le vaccin hexavalent<\/span><span style=\"color: #800000\"><b> \u00e9tait envisag\u00e9 depuis longtemps, sans toutefois que des preuves scientifiques solides ne viennent \u00e9tayer cette hypoth\u00e9se. Une nouvelle \u00e9tude, publi\u00e9e r\u00e9cemment par une \u00e9quipe de <\/b><\/span><span style=\"font-weight: 400\"><span style=\"color: #800000\"><strong>l&rsquo;universit\u00e9 de<\/strong> <\/span>Yale<\/span><b><span style=\"color: #008080\"> dans la revue de r\u00e9f\u00e9rence<\/span> <\/b><i><span style=\"font-weight: 400\">The Journal of the American Medical Association<\/span><\/i><b>, <span style=\"color: #ff6600\">vient toutefois confirmer ces soup\u00e7ons.<\/span><\/b><\/td>\n<\/tr>\n<\/tbody>\n<\/table>\n<p><span style=\"font-weight: 400\">Le m\u00eame travail peut \u00eatre effectu\u00e9 sur les graphes qui sont sans rapport avec le texte.<\/span><\/p>\n<p style=\"text-align: center\"><strong>Besoin de plus de preuves pour se faire une opinion sur la fiabilit\u00e9 de cette source ?<\/strong><\/p>\n<p><span style=\"font-weight: 400\">Ce fake a \u00e9t\u00e9 cr\u00e9\u00e9 pour combattre les fakenews scientifiques mais il n\u00e9cessite un vrai travail d\u2019\u00e9valuation de la source et d\u2019\u00e9valuation de l\u2019information qui n\u2019est pas \u00e0 la port\u00e9e du grand public.\u00a0\u00a0<\/span><span style=\"font-weight: 400\">L\u2019intention est louable mais maladroite et risqu\u00e9e, d\u2019autant plus que le vrai auteur est introuvable.<\/span><\/p>\n<p><span style=\"font-weight: 400\">Notre groupe est divis\u00e9 sur ce site : certains le trouvent dr\u00f4le et ancr\u00e9 dans l\u2019actualit\u00e9, d\u2019autres trop ambigu pour \u00eatre \u00e0 la hauteur de ses intentions.<\/span><\/p>\n<p><span style=\"font-weight: 400\">Et vous ?<\/span><\/p>\n","protected":false},"excerpt":{"rendered":"<p>06\/10\/2018 https:\/\/www.iiiprs.org\/2018-04-16 &nbsp; L&rsquo; \u201cInstitut International Ind\u00e9pendant pour la Promotion de la Recherche Scientifique regroupe plusieurs centaines de chercheurs ind\u00e9pendants des lobbies [&hellip;]<\/p>\n","protected":false},"author":14,"featured_media":0,"parent":366,"menu_order":2,"comment_status":"closed","ping_status":"closed","template":"","meta":{"inline_featured_image":false,"jetpack_post_was_ever_published":false,"footnotes":""},"class_list":["post-557","page","type-page","status-publish","hentry"],"jetpack_sharing_enabled":true,"jetpack_shortlink":"https:\/\/wp.me\/P8paGj-8Z","jetpack-related-posts":[],"_links":{"self":[{"href":"https:\/\/ires.univ-tlse3.fr\/esprit-critique-science-et-medias\/index.php?rest_route=\/wp\/v2\/pages\/557","targetHints":{"allow":["GET"]}}],"collection":[{"href":"https:\/\/ires.univ-tlse3.fr\/esprit-critique-science-et-medias\/index.php?rest_route=\/wp\/v2\/pages"}],"about":[{"href":"https:\/\/ires.univ-tlse3.fr\/esprit-critique-science-et-medias\/index.php?rest_route=\/wp\/v2\/types\/page"}],"author":[{"embeddable":true,"href":"https:\/\/ires.univ-tlse3.fr\/esprit-critique-science-et-medias\/index.php?rest_route=\/wp\/v2\/users\/14"}],"replies":[{"embeddable":true,"href":"https:\/\/ires.univ-tlse3.fr\/esprit-critique-science-et-medias\/index.php?rest_route=%2Fwp%2Fv2%2Fcomments&post=557"}],"version-history":[{"count":9,"href":"https:\/\/ires.univ-tlse3.fr\/esprit-critique-science-et-medias\/index.php?rest_route=\/wp\/v2\/pages\/557\/revisions"}],"predecessor-version":[{"id":826,"href":"https:\/\/ires.univ-tlse3.fr\/esprit-critique-science-et-medias\/index.php?rest_route=\/wp\/v2\/pages\/557\/revisions\/826"}],"up":[{"embeddable":true,"href":"https:\/\/ires.univ-tlse3.fr\/esprit-critique-science-et-medias\/index.php?rest_route=\/wp\/v2\/pages\/366"}],"wp:attachment":[{"href":"https:\/\/ires.univ-tlse3.fr\/esprit-critique-science-et-medias\/index.php?rest_route=%2Fwp%2Fv2%2Fmedia&parent=557"}],"curies":[{"name":"wp","href":"https:\/\/api.w.org\/{rel}","templated":true}]}}