{"id":50,"date":"2017-05-13T14:14:59","date_gmt":"2017-05-13T12:14:59","guid":{"rendered":"http:\/\/ires.univ-tlse3.fr\/esprit-critique-science-et-medias\/?page_id=50"},"modified":"2021-04-16T13:40:22","modified_gmt":"2021-04-16T11:40:22","slug":"le-fonctionnement-du-groupe-de-recherche","status":"publish","type":"page","link":"https:\/\/ires.univ-tlse3.fr\/esprit-critique-science-et-medias\/?page_id=50","title":{"rendered":"Le fonctionnement du groupe de recherche"},"content":{"rendered":"<p><img data-recalc-dims=\"1\" decoding=\"async\" data-attachment-id=\"520\" data-permalink=\"https:\/\/ires.univ-tlse3.fr\/esprit-critique-science-et-medias\/?attachment_id=520\" data-orig-file=\"https:\/\/i0.wp.com\/ires.univ-tlse3.fr\/esprit-critique-science-et-medias\/wp-content\/uploads\/sites\/11\/2018\/05\/ressources.png?fit=512%2C800&amp;ssl=1\" data-orig-size=\"512,800\" data-comments-opened=\"0\" data-image-meta=\"{&quot;aperture&quot;:&quot;0&quot;,&quot;credit&quot;:&quot;&quot;,&quot;camera&quot;:&quot;&quot;,&quot;caption&quot;:&quot;&quot;,&quot;created_timestamp&quot;:&quot;0&quot;,&quot;copyright&quot;:&quot;&quot;,&quot;focal_length&quot;:&quot;0&quot;,&quot;iso&quot;:&quot;0&quot;,&quot;shutter_speed&quot;:&quot;0&quot;,&quot;title&quot;:&quot;&quot;,&quot;orientation&quot;:&quot;0&quot;}\" data-image-title=\"ressources\" data-image-description=\"\" data-image-caption=\"\" data-medium-file=\"https:\/\/i0.wp.com\/ires.univ-tlse3.fr\/esprit-critique-science-et-medias\/wp-content\/uploads\/sites\/11\/2018\/05\/ressources.png?fit=192%2C300&amp;ssl=1\" data-large-file=\"https:\/\/i0.wp.com\/ires.univ-tlse3.fr\/esprit-critique-science-et-medias\/wp-content\/uploads\/sites\/11\/2018\/05\/ressources.png?fit=512%2C800&amp;ssl=1\" class=\" wp-image-520 alignright\" src=\"https:\/\/i0.wp.com\/ires.univ-tlse3.fr\/esprit-critique-science-et-medias\/wp-content\/uploads\/sites\/11\/2018\/05\/ressources.png?resize=141%2C221\" alt=\"\" width=\"141\" height=\"221\" srcset=\"https:\/\/i0.wp.com\/ires.univ-tlse3.fr\/esprit-critique-science-et-medias\/wp-content\/uploads\/sites\/11\/2018\/05\/ressources.png?w=512&amp;ssl=1 512w, https:\/\/i0.wp.com\/ires.univ-tlse3.fr\/esprit-critique-science-et-medias\/wp-content\/uploads\/sites\/11\/2018\/05\/ressources.png?resize=192%2C300&amp;ssl=1 192w, https:\/\/i0.wp.com\/ires.univ-tlse3.fr\/esprit-critique-science-et-medias\/wp-content\/uploads\/sites\/11\/2018\/05\/ressources.png?resize=230%2C359&amp;ssl=1 230w, https:\/\/i0.wp.com\/ires.univ-tlse3.fr\/esprit-critique-science-et-medias\/wp-content\/uploads\/sites\/11\/2018\/05\/ressources.png?resize=350%2C547&amp;ssl=1 350w, https:\/\/i0.wp.com\/ires.univ-tlse3.fr\/esprit-critique-science-et-medias\/wp-content\/uploads\/sites\/11\/2018\/05\/ressources.png?resize=480%2C750&amp;ssl=1 480w\" sizes=\"(max-width: 141px) 100vw, 141px\" \/>Notre objectif est d&rsquo;encourager la pratique de l&rsquo;esprit critique en milieu scolaire, en apportant aux enseignants des \u00e9l\u00e9ments d&rsquo;\u00e9pist\u00e9mologie et en promouvant l&#8217;emploi d&rsquo;une d\u00e9marche p\u00e9dagogique raisonn\u00e9e, aussi bien au cours de l&rsquo;enseignement ordinaire que lors d&rsquo;\u00e9tudes de cas fournis par l&rsquo;actualit\u00e9&nbsp;:<br>\n&#8211; En proposant des activit\u00e9s p\u00e9dagogiques directement utilisables ou adaptables en classe<br>\n&#8211; En proposant des ressources sur la pens\u00e9e critique<br>\n&#8211; En proposant des interventions et des formations (notamment via le Plan Acad\u00e9mique de Formation)<\/p>\n<p style=\"text-align: left\">Toutes ces propositions sont \u00e9galement relay\u00e9es sur ce site et via Twitter.<br>\nElles sont propos\u00e9es sous la licence CC-BY-NC-SA.<\/p>\n<h6 style=\"text-align: right\"><img data-recalc-dims=\"1\" fetchpriority=\"high\" decoding=\"async\" data-attachment-id=\"535\" data-permalink=\"https:\/\/ires.univ-tlse3.fr\/esprit-critique-science-et-medias\/?attachment_id=535\" data-orig-file=\"https:\/\/i0.wp.com\/ires.univ-tlse3.fr\/esprit-critique-science-et-medias\/wp-content\/uploads\/sites\/11\/2018\/05\/CC-BY-NC-SA.jpg?fit=1000%2C173&amp;ssl=1\" data-orig-size=\"1000,173\" data-comments-opened=\"0\" data-image-meta=\"{&quot;aperture&quot;:&quot;0&quot;,&quot;credit&quot;:&quot;&quot;,&quot;camera&quot;:&quot;&quot;,&quot;caption&quot;:&quot;&quot;,&quot;created_timestamp&quot;:&quot;0&quot;,&quot;copyright&quot;:&quot;&quot;,&quot;focal_length&quot;:&quot;0&quot;,&quot;iso&quot;:&quot;0&quot;,&quot;shutter_speed&quot;:&quot;0&quot;,&quot;title&quot;:&quot;&quot;,&quot;orientation&quot;:&quot;1&quot;}\" data-image-title=\"CC-BY-NC-SA\" data-image-description=\"\" data-image-caption=\"\" data-medium-file=\"https:\/\/i0.wp.com\/ires.univ-tlse3.fr\/esprit-critique-science-et-medias\/wp-content\/uploads\/sites\/11\/2018\/05\/CC-BY-NC-SA.jpg?fit=300%2C52&amp;ssl=1\" data-large-file=\"https:\/\/i0.wp.com\/ires.univ-tlse3.fr\/esprit-critique-science-et-medias\/wp-content\/uploads\/sites\/11\/2018\/05\/CC-BY-NC-SA.jpg?fit=1000%2C173&amp;ssl=1\" class=\"alignnone size-full wp-image-535\" src=\"https:\/\/i0.wp.com\/ires.univ-tlse3.fr\/esprit-critique-science-et-medias\/wp-content\/uploads\/sites\/11\/2018\/05\/CC-BY-NC-SA.jpg?resize=1000%2C173\" alt=\"\" width=\"1000\" height=\"173\" srcset=\"https:\/\/i0.wp.com\/ires.univ-tlse3.fr\/esprit-critique-science-et-medias\/wp-content\/uploads\/sites\/11\/2018\/05\/CC-BY-NC-SA.jpg?w=1000&amp;ssl=1 1000w, https:\/\/i0.wp.com\/ires.univ-tlse3.fr\/esprit-critique-science-et-medias\/wp-content\/uploads\/sites\/11\/2018\/05\/CC-BY-NC-SA.jpg?resize=300%2C52&amp;ssl=1 300w, https:\/\/i0.wp.com\/ires.univ-tlse3.fr\/esprit-critique-science-et-medias\/wp-content\/uploads\/sites\/11\/2018\/05\/CC-BY-NC-SA.jpg?resize=768%2C133&amp;ssl=1 768w, https:\/\/i0.wp.com\/ires.univ-tlse3.fr\/esprit-critique-science-et-medias\/wp-content\/uploads\/sites\/11\/2018\/05\/CC-BY-NC-SA.jpg?resize=830%2C144&amp;ssl=1 830w, https:\/\/i0.wp.com\/ires.univ-tlse3.fr\/esprit-critique-science-et-medias\/wp-content\/uploads\/sites\/11\/2018\/05\/CC-BY-NC-SA.jpg?resize=230%2C40&amp;ssl=1 230w, https:\/\/i0.wp.com\/ires.univ-tlse3.fr\/esprit-critique-science-et-medias\/wp-content\/uploads\/sites\/11\/2018\/05\/CC-BY-NC-SA.jpg?resize=350%2C61&amp;ssl=1 350w, https:\/\/i0.wp.com\/ires.univ-tlse3.fr\/esprit-critique-science-et-medias\/wp-content\/uploads\/sites\/11\/2018\/05\/CC-BY-NC-SA.jpg?resize=480%2C83&amp;ssl=1 480w\" sizes=\"(max-width: 1000px) 100vw, 1000px\" \/><br>\n(illustration CC-BY-SA Piotrek Chuchla, traduction et adaptation par Falcox)<\/h6>\n\n\n<figure class=\"wp-block-image size-large\"><a href=\"https:\/\/i0.wp.com\/ires.univ-tlse3.fr\/esprit-critique-science-et-medias\/wp-content\/uploads\/sites\/11\/2021\/04\/Poster-IRES-EC-150ppi.jpg?ssl=1\"><img data-recalc-dims=\"1\" decoding=\"async\" width=\"724\" height=\"1024\" data-attachment-id=\"1255\" data-permalink=\"https:\/\/ires.univ-tlse3.fr\/esprit-critique-science-et-medias\/?attachment_id=1255\" data-orig-file=\"https:\/\/i0.wp.com\/ires.univ-tlse3.fr\/esprit-critique-science-et-medias\/wp-content\/uploads\/sites\/11\/2021\/04\/Poster-IRES-EC-150ppi.jpg?fit=1240%2C1754&amp;ssl=1\" data-orig-size=\"1240,1754\" data-comments-opened=\"0\" data-image-meta=\"{&quot;aperture&quot;:&quot;0&quot;,&quot;credit&quot;:&quot;&quot;,&quot;camera&quot;:&quot;&quot;,&quot;caption&quot;:&quot;&quot;,&quot;created_timestamp&quot;:&quot;0&quot;,&quot;copyright&quot;:&quot;&quot;,&quot;focal_length&quot;:&quot;0&quot;,&quot;iso&quot;:&quot;0&quot;,&quot;shutter_speed&quot;:&quot;0&quot;,&quot;title&quot;:&quot;&quot;,&quot;orientation&quot;:&quot;1&quot;}\" data-image-title=\"Poster-IRES-EC-150ppi\" data-image-description=\"\" data-image-caption=\"\" data-medium-file=\"https:\/\/i0.wp.com\/ires.univ-tlse3.fr\/esprit-critique-science-et-medias\/wp-content\/uploads\/sites\/11\/2021\/04\/Poster-IRES-EC-150ppi.jpg?fit=212%2C300&amp;ssl=1\" data-large-file=\"https:\/\/i0.wp.com\/ires.univ-tlse3.fr\/esprit-critique-science-et-medias\/wp-content\/uploads\/sites\/11\/2021\/04\/Poster-IRES-EC-150ppi.jpg?fit=724%2C1024&amp;ssl=1\" src=\"https:\/\/i0.wp.com\/ires.univ-tlse3.fr\/esprit-critique-science-et-medias\/wp-content\/uploads\/sites\/11\/2021\/04\/Poster-IRES-EC-150ppi-724x1024.jpg?resize=724%2C1024&#038;ssl=1\" alt=\"\" class=\"wp-image-1255\" srcset=\"https:\/\/i0.wp.com\/ires.univ-tlse3.fr\/esprit-critique-science-et-medias\/wp-content\/uploads\/sites\/11\/2021\/04\/Poster-IRES-EC-150ppi.jpg?resize=724%2C1024&amp;ssl=1 724w, https:\/\/i0.wp.com\/ires.univ-tlse3.fr\/esprit-critique-science-et-medias\/wp-content\/uploads\/sites\/11\/2021\/04\/Poster-IRES-EC-150ppi.jpg?resize=212%2C300&amp;ssl=1 212w, https:\/\/i0.wp.com\/ires.univ-tlse3.fr\/esprit-critique-science-et-medias\/wp-content\/uploads\/sites\/11\/2021\/04\/Poster-IRES-EC-150ppi.jpg?resize=768%2C1086&amp;ssl=1 768w, https:\/\/i0.wp.com\/ires.univ-tlse3.fr\/esprit-critique-science-et-medias\/wp-content\/uploads\/sites\/11\/2021\/04\/Poster-IRES-EC-150ppi.jpg?resize=1086%2C1536&amp;ssl=1 1086w, https:\/\/i0.wp.com\/ires.univ-tlse3.fr\/esprit-critique-science-et-medias\/wp-content\/uploads\/sites\/11\/2021\/04\/Poster-IRES-EC-150ppi.jpg?resize=830%2C1174&amp;ssl=1 830w, https:\/\/i0.wp.com\/ires.univ-tlse3.fr\/esprit-critique-science-et-medias\/wp-content\/uploads\/sites\/11\/2021\/04\/Poster-IRES-EC-150ppi.jpg?resize=230%2C325&amp;ssl=1 230w, https:\/\/i0.wp.com\/ires.univ-tlse3.fr\/esprit-critique-science-et-medias\/wp-content\/uploads\/sites\/11\/2021\/04\/Poster-IRES-EC-150ppi.jpg?resize=350%2C495&amp;ssl=1 350w, https:\/\/i0.wp.com\/ires.univ-tlse3.fr\/esprit-critique-science-et-medias\/wp-content\/uploads\/sites\/11\/2021\/04\/Poster-IRES-EC-150ppi.jpg?resize=480%2C679&amp;ssl=1 480w, https:\/\/i0.wp.com\/ires.univ-tlse3.fr\/esprit-critique-science-et-medias\/wp-content\/uploads\/sites\/11\/2021\/04\/Poster-IRES-EC-150ppi.jpg?w=1240&amp;ssl=1 1240w\" sizes=\"(max-width: 724px) 100vw, 724px\" \/><\/a><\/figure>\n","protected":false},"excerpt":{"rendered":"<p>Notre objectif est d&rsquo;encourager la pratique de l&rsquo;esprit critique en milieu scolaire, en apportant aux enseignants des \u00e9l\u00e9ments d&rsquo;\u00e9pist\u00e9mologie et en promouvant [&hellip;]<\/p>\n","protected":false},"author":14,"featured_media":0,"parent":0,"menu_order":0,"comment_status":"closed","ping_status":"closed","template":"","meta":{"inline_featured_image":false,"jetpack_post_was_ever_published":false,"footnotes":""},"class_list":["post-50","page","type-page","status-publish","hentry"],"jetpack_sharing_enabled":true,"jetpack_shortlink":"https:\/\/wp.me\/P8paGj-O","jetpack-related-posts":[],"_links":{"self":[{"href":"https:\/\/ires.univ-tlse3.fr\/esprit-critique-science-et-medias\/index.php?rest_route=\/wp\/v2\/pages\/50","targetHints":{"allow":["GET"]}}],"collection":[{"href":"https:\/\/ires.univ-tlse3.fr\/esprit-critique-science-et-medias\/index.php?rest_route=\/wp\/v2\/pages"}],"about":[{"href":"https:\/\/ires.univ-tlse3.fr\/esprit-critique-science-et-medias\/index.php?rest_route=\/wp\/v2\/types\/page"}],"author":[{"embeddable":true,"href":"https:\/\/ires.univ-tlse3.fr\/esprit-critique-science-et-medias\/index.php?rest_route=\/wp\/v2\/users\/14"}],"replies":[{"embeddable":true,"href":"https:\/\/ires.univ-tlse3.fr\/esprit-critique-science-et-medias\/index.php?rest_route=%2Fwp%2Fv2%2Fcomments&post=50"}],"version-history":[{"count":16,"href":"https:\/\/ires.univ-tlse3.fr\/esprit-critique-science-et-medias\/index.php?rest_route=\/wp\/v2\/pages\/50\/revisions"}],"predecessor-version":[{"id":1257,"href":"https:\/\/ires.univ-tlse3.fr\/esprit-critique-science-et-medias\/index.php?rest_route=\/wp\/v2\/pages\/50\/revisions\/1257"}],"wp:attachment":[{"href":"https:\/\/ires.univ-tlse3.fr\/esprit-critique-science-et-medias\/index.php?rest_route=%2Fwp%2Fv2%2Fmedia&parent=50"}],"curies":[{"name":"wp","href":"https:\/\/api.w.org\/{rel}","templated":true}]}}