{"id":396,"date":"2017-12-15T08:55:10","date_gmt":"2017-12-15T07:55:10","guid":{"rendered":"http:\/\/ires.univ-tlse3.fr\/esprit-critique-science-et-medias\/?page_id=396"},"modified":"2019-06-29T16:58:10","modified_gmt":"2019-06-29T14:58:10","slug":"printemps-emi-2017-a-toulouse","status":"publish","type":"page","link":"https:\/\/ires.univ-tlse3.fr\/esprit-critique-science-et-medias\/?page_id=396","title":{"rendered":"Printemps EMI 2017 \u00e0 Toulouse"},"content":{"rendered":"<div><a href=\"http:\/\/ires.univ-tlse3.fr\/esprit-critique-science-et-medias\/wp-content\/uploads\/sites\/11\/2019\/06\/Presentation-Printemps-EMI.pdf\" target=\"_blank\" rel=\"noopener noreferrer\"><strong>Diaporama de la pr\u00e9sentation (pdf)<\/strong><\/a><\/div>\n<div><\/div>\n<div><\/div>\n<div><\/div>\n<div><\/div>\n<div id=\"fb-root\" class=\" fb_reset\">\n<div style=\"text-align: center\"><strong>Fil Twitter du d\u00e9roul\u00e9 de la pr\u00e9sentation :<br \/>\n<\/strong><\/div>\n<\/div>\n<div id=\"story\">\n<div class=\"s-story false\">\n<div class=\"s-header\">\n<div class=\"s-header-top\">\n<div class=\"s-info\">\n<div class=\"s-clear\"><\/div>\n<\/div>\n<\/div>\n<div class=\"s-clear\"><\/div>\n<\/div>\n<ol class=\"s-elements\">\n<li class=\"s-element s-element-image\">\n<div class=\"s-share-dropdown\"><\/div>\n<div class=\"s-element-container\">\n<div class=\"s-element-content s-image\">\n<div class=\"s-image-content\">\n<p><img fetchpriority=\"high\" decoding=\"async\" class=\"\" src=\"https:\/\/storify.com\/services\/proxy\/2\/3N4Kg-DPKODtKWM_inwIcQ\/https\/pbs.twimg.com\/media\/C8F7SPDWkAAJIwp.jpg:large\" alt=\"#PrintempsEMI suite et fin de la table ronde : Groupe Esprit Critique &quot;Sciences et M\u00e9dia&quot; de l'IRES qui va nous parler de z\u00e9t\u00e9tique ! https:\/\/t.co\/7p8fCjp8SK\" width=\"480\" height=\"270\" \/><\/p>\n<div class=\"s-image-info\">\n<div class=\"s-image-caption\"><a class=\"tweet-url hashtag\" title=\"#PrintempsEMI\" href=\"https:\/\/twitter.com\/#!\/search?q=%23PrintempsEMI\" target=\"_blank\" rel=\"nofollow noopener noreferrer\">#PrintempsEMI<\/a>\u00a0suite et fin de la table ronde : Groupe Esprit Critique \u00ab\u00a0Sciences et M\u00e9dia\u00a0\u00bb de l&rsquo;IRES qui va nous parler de z\u00e9t\u00e9tique !\u00a0<a title=\"https:\/\/twitter.com\/canope_31\/status\/847093822999924737\/photo\/1\" href=\"https:\/\/t.co\/7p8fCjp8SK\" target=\"_blank\" rel=\"nofollow noopener noreferrer\">pic.twitter.com\/7p8fCjp8SK<\/a><\/div>\n<div class=\"s-attribution\">\n<div class=\"s-source s-twitter\">\n<div class=\"s-source-icon storifycon-source-twitter\"><\/div>\n<\/div>\n<div class=\"s-element-actions\"><\/div>\n<\/div>\n<\/div>\n<\/div>\n<div class=\"s-clear\"><\/div>\n<\/div>\n<\/div>\n<\/li>\n<li class=\"s-element s-element-quote\">\n<div class=\"s-share-dropdown\"><\/div>\n<div class=\"s-element-container\">\n<div class=\"s-quote s-element-content\">\n<div class=\"s-quote-content\">\n<div class=\"s-quote-avatar-author s-quote-avatar-twitter\">\n<p><a class=\"s-quote-avatar\" href=\"https:\/\/twitter.com\/CapellaMarie\" target=\"_blank\" rel=\"noopener noreferrer\"><img decoding=\"async\" src=\"https:\/\/storify.com\/services\/proxy\/2\/DwJSj01dINRGjM6Rz_-qng\/https\/twitter.com\/CapellaMarie\/profile_image?size=bigger\" alt=\"CapellaMarie\" \/><\/a><\/p>\n<div class=\"s-quote-author\"><a class=\"s-quote-author-name\" href=\"https:\/\/twitter.com\/CapellaMarie\" target=\"_blank\" rel=\"noopener noreferrer\">Marie-L de Capella<\/a><a class=\"s-quote-author-username\" href=\"https:\/\/twitter.com\/CapellaMarie\" target=\"_blank\" rel=\"noopener noreferrer\">@CapellaMarie<\/a><\/div>\n<\/div>\n<div class=\"s-quote-text\"><a class=\"tweet-url hashtag\" title=\"#printempsEMI\" href=\"https:\/\/twitter.com\/#!\/search?q=%23printempsEMI\" target=\"_blank\" rel=\"nofollow noopener noreferrer\">#printempsEMI<\/a>\u00a0groupe IRES Esprit Critique Science et M\u00e9dias :\u00a0<a title=\"http:\/\/ow.ly\/xjJa30amZZL\" href=\"https:\/\/t.co\/tXnOh5VMuJ\" target=\"_blank\" rel=\"nofollow noopener noreferrer\"><span class=\"tco-ellipsis\">\u00a0<\/span>http:\/\/<span class=\"js-display-url\">ow.ly\/xjJa30amZZL<\/span><span class=\"tco-ellipsis\">\u00a0<\/span><\/a><\/div>\n<\/div>\n<div class=\"s-attribution\">\n<div class=\"s-source s-twitter\"><\/div>\n<div class=\"s-element-actions\"><\/div>\n<div class=\"s-clear\"><\/div>\n<\/div>\n<\/div>\n<\/div>\n<\/li>\n<li class=\"s-element s-element-image\">\n<div class=\"s-share-dropdown\"><\/div>\n<div class=\"s-element-container\">\n<div class=\"s-element-content s-image\">\n<div class=\"s-image-content\">\n<p><img decoding=\"async\" class=\"\" src=\"https:\/\/storify.com\/services\/proxy\/2\/922QlGx-clryJGEUFX6KPw\/https\/pbs.twimg.com\/media\/C8F_lWjW0AE1S6z.jpg:large\" alt=\"#printempsEMI &quot;Esprit Critique, Science et M\u00e9dias&quot; repr\u00e9sent\u00e9s par P. Hubert et K. Ramon d\u00e9finit les caract\u00e9ristiques d'1 th\u00e9orie du complot https:\/\/t.co\/L4b7GTTNgA\" width=\"619\" height=\"348\" \/><\/p>\n<div class=\"s-image-info\">\n<div class=\"s-image-caption\"><a class=\"tweet-url hashtag\" title=\"#printempsEMI\" href=\"https:\/\/twitter.com\/#!\/search?q=%23printempsEMI\" target=\"_blank\" rel=\"nofollow noopener noreferrer\">#printempsEMI<\/a>\u00a0\u00ab\u00a0Esprit Critique, Science et M\u00e9dias\u00a0\u00bb repr\u00e9sent\u00e9s par P. Hubert et K. Ramon d\u00e9finit les caract\u00e9ristiques d&rsquo;1 th\u00e9orie du complot\u00a0<a title=\"https:\/\/twitter.com\/canope_31\/status\/847098718289645570\/photo\/1\" href=\"https:\/\/t.co\/L4b7GTTNgA\" target=\"_blank\" rel=\"nofollow noopener noreferrer\">pic.twitter.com\/L4b7GTTNgA<\/a><\/div>\n<div class=\"s-attribution\">\n<div class=\"s-source s-twitter\">\n<div class=\"s-source-icon storifycon-source-twitter\"><\/div>\n<\/div>\n<\/div>\n<\/div>\n<\/div>\n<div class=\"s-clear\"><\/div>\n<\/div>\n<\/div>\n<\/li>\n<li class=\"s-element s-element-quote\">\n<div class=\"s-share-dropdown\"><\/div>\n<div class=\"s-element-container\">\n<div class=\"s-quote s-element-content\">\n<div class=\"s-quote-content\">\n<div class=\"s-quote-avatar-author s-quote-avatar-twitter\">\n<p><a class=\"s-quote-avatar\" href=\"https:\/\/twitter.com\/roselyneberthon\" target=\"_blank\" rel=\"noopener noreferrer\"><img decoding=\"async\" src=\"https:\/\/storify.com\/services\/proxy\/2\/2fu9ECSwVGfo21_ccvtj7Q\/https\/twitter.com\/roselyneberthon\/profile_image?size=bigger\" alt=\"roselyneberthon\" \/><\/a><\/p>\n<div class=\"s-quote-author\"><a class=\"s-quote-author-name\" href=\"https:\/\/twitter.com\/roselyneberthon\" target=\"_blank\" rel=\"noopener noreferrer\">@rosebeth<\/a><a class=\"s-quote-author-username\" href=\"https:\/\/twitter.com\/roselyneberthon\" target=\"_blank\" rel=\"noopener noreferrer\">@roselyneberthon<\/a><\/div>\n<\/div>\n<div class=\"s-quote-text\">Comment caract\u00e9riser une th\u00e9orie du complot ?\u00a0<a class=\"tweet-url hashtag\" title=\"#EMI\" href=\"https:\/\/twitter.com\/#!\/search?q=%23EMI\" target=\"_blank\" rel=\"nofollow noopener noreferrer\">#EMI<\/a>\u00a0propos\u00e9 par Ires Toulouse\u00a0<a title=\"http:\/\/ln.is\/ln.is\/tFzf3\" href=\"https:\/\/t.co\/67ewKMzHob\" target=\"_blank\" rel=\"nofollow noopener noreferrer\"><span class=\"tco-ellipsis\">\u00a0<\/span>http:\/\/<span class=\"js-display-url\">ln.is\/ln.is\/tFzf3<\/span><span class=\"tco-ellipsis\">\u00a0<\/span><\/a>\u2026 via\u00a0<a class=\"tweet-url username\" href=\"https:\/\/twitter.com\/_AnneDelannoy\" target=\"_blank\" rel=\"nofollow noopener noreferrer\">@_AnneDelannoy<\/a><\/div>\n<\/div>\n<div class=\"s-attribution\">\n<div class=\"s-source s-twitter\">\n<div class=\"s-source-icon storifycon-source-twitter\"><\/div>\n<\/div>\n<\/div>\n<\/div>\n<div class=\"s-clear\"><\/div>\n<\/div>\n<\/li>\n<li class=\"s-element s-element-quote\">\n<div class=\"s-share-dropdown\"><\/div>\n<div class=\"s-element-container\">\n<div class=\"s-quote s-element-content\">\n<div class=\"s-quote-content\">\n<div class=\"s-quote-avatar-author s-quote-avatar-twitter\">\n<p><a class=\"s-quote-avatar\" href=\"https:\/\/twitter.com\/Ludo_TICE_31\" target=\"_blank\" rel=\"noopener noreferrer\"><img decoding=\"async\" src=\"https:\/\/storify.com\/services\/proxy\/2\/HzktKYJ2J82vQZ7_DfK7Sw\/https\/twitter.com\/Ludo_TICE_31\/profile_image?size=bigger\" alt=\"Ludo_TICE_31\" \/><\/a><\/p>\n<div class=\"s-quote-author\"><a class=\"s-quote-author-name\" href=\"https:\/\/twitter.com\/Ludo_TICE_31\" target=\"_blank\" rel=\"noopener noreferrer\">Natacha DUBOIS<\/a><a class=\"s-quote-author-username\" href=\"https:\/\/twitter.com\/Ludo_TICE_31\" target=\"_blank\" rel=\"noopener noreferrer\">@Ludo_TICE_31<\/a><\/div>\n<\/div>\n<div class=\"s-quote-text\"><a class=\"tweet-url hashtag\" title=\"#PrintempsEMI\" href=\"https:\/\/twitter.com\/#!\/search?q=%23PrintempsEMI\" target=\"_blank\" rel=\"nofollow noopener noreferrer\">#PrintempsEMI<\/a>\u00a0Pour y voir plus clair sur les types d\u2019arguments fallacieux rencontr\u00e9s dans les th\u00e9ories du\u00a0<a class=\"tweet-url hashtag\" title=\"#complot\" href=\"https:\/\/twitter.com\/#!\/search?q=%23complot\" target=\"_blank\" rel=\"nofollow noopener noreferrer\">#complot<\/a>\u00a0:\u00a0<a title=\"http:\/\/bit.ly\/2njj50p\" href=\"https:\/\/t.co\/oEZBP8fN49\" target=\"_blank\" rel=\"nofollow noopener noreferrer\"><span class=\"tco-ellipsis\">\u00a0<\/span>http:\/\/<span class=\"js-display-url\">bit.ly\/2njj50p<\/span><span class=\"tco-ellipsis\">\u00a0<\/span><\/a><\/div>\n<\/div>\n<div class=\"s-attribution\">\n<div class=\"s-source s-twitter\">\n<div class=\"s-source-icon storifycon-source-twitter\"><\/div>\n<\/div>\n<div class=\"s-element-actions\"><\/div>\n<\/div>\n<\/div>\n<div class=\"s-clear\"><\/div>\n<\/div>\n<\/li>\n<li class=\"s-element s-element-quote\">\n<div class=\"s-share-dropdown\"><\/div>\n<div class=\"s-element-container\">\n<div class=\"s-quote s-element-content\">\n<div class=\"s-quote-content\">\n<div class=\"s-quote-avatar-author s-quote-avatar-twitter\">\n<p><a class=\"s-quote-avatar\" href=\"https:\/\/twitter.com\/canope_31\" target=\"_blank\" rel=\"noopener noreferrer\"><img decoding=\"async\" src=\"https:\/\/storify.com\/services\/proxy\/2\/00_gbeQ3pseqRBr0D7189A\/https\/twitter.com\/canope_31\/profile_image?size=bigger\" alt=\"canope_31\" \/><\/a><\/p>\n<div class=\"s-quote-author\"><a class=\"s-quote-author-name\" href=\"https:\/\/twitter.com\/canope_31\" target=\"_blank\" rel=\"noopener noreferrer\">Canop\u00e9 Haute-Garonne<\/a><a class=\"s-quote-author-username\" href=\"https:\/\/twitter.com\/canope_31\" target=\"_blank\" rel=\"noopener noreferrer\">@canope_31<\/a><\/div>\n<\/div>\n<div class=\"s-quote-text\"><a class=\"tweet-url hashtag\" title=\"#printempsEMI\" href=\"https:\/\/twitter.com\/#!\/search?q=%23printempsEMI\" target=\"_blank\" rel=\"nofollow noopener noreferrer\">#printempsEMI<\/a>\u00a0Comprendre comment 1 th\u00e9orie du complot fonctionne : Argument d&rsquo;autorit\u00e9,Argument du faux dilemme,argument de fausse causalit\u00e9<\/div>\n<\/div>\n<div class=\"s-attribution\">\n<div class=\"s-source s-twitter\">\n<div class=\"s-source-icon storifycon-source-twitter\"><\/div>\n<\/div>\n<div class=\"s-element-actions\"><\/div>\n<\/div>\n<\/div>\n<div class=\"s-clear\"><\/div>\n<\/div>\n<\/li>\n<li class=\"s-element s-element-quote\">\n<div class=\"s-share-dropdown\"><\/div>\n<div class=\"s-element-container\">\n<div class=\"s-quote s-element-content\">\n<div class=\"s-quote-content\">\n<div class=\"s-quote-avatar-author s-quote-avatar-twitter\">\n<p><a class=\"s-quote-avatar\" href=\"https:\/\/twitter.com\/_AnneDelannoy\" target=\"_blank\" rel=\"noopener noreferrer\"><img decoding=\"async\" src=\"https:\/\/storify.com\/services\/proxy\/2\/Fkbqb0iJjthLopO2sxNOyg\/https\/twitter.com\/_AnneDelannoy\/profile_image?size=bigger\" alt=\"_AnneDelannoy\" \/><\/a><\/p>\n<div class=\"s-quote-author\"><a class=\"s-quote-author-name\" href=\"https:\/\/twitter.com\/_AnneDelannoy\" target=\"_blank\" rel=\"noopener noreferrer\">Anne Delannoy<\/a><a class=\"s-quote-author-username\" href=\"https:\/\/twitter.com\/_AnneDelannoy\" target=\"_blank\" rel=\"noopener noreferrer\">@_AnneDelannoy<\/a><\/div>\n<\/div>\n<div class=\"s-quote-text\"><a class=\"tweet-url hashtag\" title=\"#printempsEMI\" href=\"https:\/\/twitter.com\/#!\/search?q=%23printempsEMI\" target=\"_blank\" rel=\"nofollow noopener noreferrer\">#printempsEMI<\/a>\u00a0Le site de l&rsquo;IRES propose des ressources sur l&rsquo;esprit critique et l&rsquo;information scientifique\u00a0<a title=\"http:\/\/ln.is\/ires.univ-tlse3.fr\/r\/tBP3x\" href=\"https:\/\/t.co\/suCGSbwFzX\" target=\"_blank\" rel=\"nofollow noopener noreferrer\"><span class=\"tco-ellipsis\">\u00a0<\/span>http:\/\/<span class=\"js-display-url\">ln.is\/ires.univ-tlse<\/span>3.fr\/r\/tBP3x<span class=\"tco-ellipsis\">\u00a0\u2026<\/span><\/a><\/div>\n<\/div>\n<div class=\"s-attribution\">\n<div class=\"s-source s-twitter\">\n<div class=\"s-source-icon storifycon-source-twitter\"><\/div>\n<\/div>\n<div class=\"s-element-actions\"><\/div>\n<\/div>\n<\/div>\n<div class=\"s-clear\"><\/div>\n<\/div>\n<\/li>\n<li class=\"s-element s-element-quote\">\n<div class=\"s-share-dropdown\"><\/div>\n<div class=\"s-element-container\">\n<div class=\"s-quote s-element-content\">\n<div class=\"s-quote-content\">\n<div class=\"s-quote-avatar-author s-quote-avatar-twitter\">\n<p><a class=\"s-quote-avatar\" href=\"https:\/\/twitter.com\/Clemi_Toulouse\" target=\"_blank\" rel=\"noopener noreferrer\"><img decoding=\"async\" src=\"https:\/\/storify.com\/services\/proxy\/2\/v-GMSPv4rBC9DLnLTwDVhw\/https\/twitter.com\/Clemi_Toulouse\/profile_image?size=bigger\" alt=\"Clemi_Toulouse\" \/><\/a><\/p>\n<div class=\"s-quote-author\"><a class=\"s-quote-author-name\" href=\"https:\/\/twitter.com\/Clemi_Toulouse\" target=\"_blank\" rel=\"noopener noreferrer\">CLEMI Toulouse<\/a><a class=\"s-quote-author-username\" href=\"https:\/\/twitter.com\/Clemi_Toulouse\" target=\"_blank\" rel=\"noopener noreferrer\">@Clemi_Toulouse<\/a><\/div>\n<\/div>\n<div class=\"s-quote-text\">Sciences et medias et comment valider l&rsquo;information scientifique? P Hubert et Karine Ramon pr\u00e9sentent les travaux de l&rsquo;IRES\u00a0<a class=\"tweet-url hashtag\" title=\"#printempsEMI\" href=\"https:\/\/twitter.com\/#!\/search?q=%23printempsEMI\" target=\"_blank\" rel=\"nofollow noopener noreferrer\">#printempsEMI<\/a><\/div>\n<\/div>\n<div class=\"s-attribution\">\n<div class=\"s-source s-twitter\">\n<div class=\"s-source-icon storifycon-source-twitter\"><\/div>\n<\/div>\n<div class=\"s-element-actions\"><\/div>\n<\/div>\n<\/div>\n<div class=\"s-clear\"><\/div>\n<\/div>\n<\/li>\n<li class=\"s-element s-element-image\">\n<div class=\"s-share-dropdown\"><\/div>\n<div class=\"s-element-container\">\n<div class=\"s-element-content s-image\">\n<div class=\"s-image-content\">\n<p><img decoding=\"async\" class=\"\" src=\"https:\/\/storify.com\/services\/proxy\/2\/7fW7CtDgHBmPhKPkAqHUUw\/https\/pbs.twimg.com\/media\/C8F_9W9XkAIh6eF.jpg:large\" alt=\"#printempsEMI Pratiques p\u00e9dago et esprit critique. Fin de la table ronde. Bravo aux intervenants et merci @reseau_canope et @actoulouse https:\/\/t.co\/adicWiiOe6\" width=\"491\" height=\"368\" \/><\/p>\n<div class=\"s-image-info\">\n<div class=\"s-image-caption\"><a class=\"tweet-url hashtag\" title=\"#printempsEMI\" href=\"https:\/\/twitter.com\/#!\/search?q=%23printempsEMI\" target=\"_blank\" rel=\"nofollow noopener noreferrer\">#printempsEMI<\/a>\u00a0Pratiques p\u00e9dago et esprit critique. Fin de la table ronde. Bravo aux intervenants et merci\u00a0<a class=\"tweet-url username\" href=\"https:\/\/twitter.com\/reseau_canope\" target=\"_blank\" rel=\"nofollow noopener noreferrer\">@reseau_canope<\/a>\u00a0et\u00a0<a class=\"tweet-url username\" href=\"https:\/\/twitter.com\/actoulouse\" target=\"_blank\" rel=\"nofollow noopener noreferrer\">@actoulouse<\/a><a title=\"https:\/\/twitter.com\/Clemi_Toulouse\/status\/847099042563796992\/photo\/1\" href=\"https:\/\/t.co\/adicWiiOe6\" target=\"_blank\" rel=\"nofollow noopener noreferrer\">pic.twitter.com\/adicWiiOe6<\/a><\/div>\n<div class=\"s-attribution\">\n<div class=\"s-source s-twitter\">\n<div class=\"s-source-icon storifycon-source-twitter\"><\/div>\n<\/div>\n<div class=\"dot\">\u00b7<\/div>\n<\/div>\n<\/div>\n<\/div>\n<\/div>\n<\/div>\n<\/li>\n<\/ol>\n<\/div>\n<\/div>\n","protected":false},"excerpt":{"rendered":"<p>Diaporama de la pr\u00e9sentation (pdf) Fil Twitter du d\u00e9roul\u00e9 de la pr\u00e9sentation : #PrintempsEMI\u00a0suite et fin de la table ronde : Groupe [&hellip;]<\/p>\n","protected":false},"author":14,"featured_media":0,"parent":171,"menu_order":0,"comment_status":"closed","ping_status":"closed","template":"","meta":{"inline_featured_image":false,"jetpack_post_was_ever_published":false,"footnotes":""},"class_list":["post-396","page","type-page","status-publish","hentry"],"jetpack_sharing_enabled":true,"jetpack_shortlink":"https:\/\/wp.me\/P8paGj-6o","jetpack-related-posts":[],"_links":{"self":[{"href":"https:\/\/ires.univ-tlse3.fr\/esprit-critique-science-et-medias\/index.php?rest_route=\/wp\/v2\/pages\/396","targetHints":{"allow":["GET"]}}],"collection":[{"href":"https:\/\/ires.univ-tlse3.fr\/esprit-critique-science-et-medias\/index.php?rest_route=\/wp\/v2\/pages"}],"about":[{"href":"https:\/\/ires.univ-tlse3.fr\/esprit-critique-science-et-medias\/index.php?rest_route=\/wp\/v2\/types\/page"}],"author":[{"embeddable":true,"href":"https:\/\/ires.univ-tlse3.fr\/esprit-critique-science-et-medias\/index.php?rest_route=\/wp\/v2\/users\/14"}],"replies":[{"embeddable":true,"href":"https:\/\/ires.univ-tlse3.fr\/esprit-critique-science-et-medias\/index.php?rest_route=%2Fwp%2Fv2%2Fcomments&post=396"}],"version-history":[{"count":5,"href":"https:\/\/ires.univ-tlse3.fr\/esprit-critique-science-et-medias\/index.php?rest_route=\/wp\/v2\/pages\/396\/revisions"}],"predecessor-version":[{"id":694,"href":"https:\/\/ires.univ-tlse3.fr\/esprit-critique-science-et-medias\/index.php?rest_route=\/wp\/v2\/pages\/396\/revisions\/694"}],"up":[{"embeddable":true,"href":"https:\/\/ires.univ-tlse3.fr\/esprit-critique-science-et-medias\/index.php?rest_route=\/wp\/v2\/pages\/171"}],"wp:attachment":[{"href":"https:\/\/ires.univ-tlse3.fr\/esprit-critique-science-et-medias\/index.php?rest_route=%2Fwp%2Fv2%2Fmedia&parent=396"}],"curies":[{"name":"wp","href":"https:\/\/api.w.org\/{rel}","templated":true}]}}