{"id":33,"date":"2017-05-13T14:06:45","date_gmt":"2017-05-13T12:06:45","guid":{"rendered":"http:\/\/ires.univ-tlse3.fr\/esprit-critique-science-et-medias\/?page_id=33"},"modified":"2020-05-02T11:41:03","modified_gmt":"2020-05-02T09:41:03","slug":"diffusion-de-la-science","status":"publish","type":"page","link":"https:\/\/ires.univ-tlse3.fr\/esprit-critique-science-et-medias\/?page_id=33","title":{"rendered":"Diffusion de la Science"},"content":{"rendered":"<p><img data-recalc-dims=\"1\" fetchpriority=\"high\" decoding=\"async\" data-attachment-id=\"408\" data-permalink=\"https:\/\/ires.univ-tlse3.fr\/esprit-critique-science-et-medias\/?attachment_id=408\" data-orig-file=\"https:\/\/i0.wp.com\/ires.univ-tlse3.fr\/esprit-critique-science-et-medias\/wp-content\/uploads\/sites\/11\/2018\/01\/m%C3%A9dias-3.png?fit=484%2C500&amp;ssl=1\" data-orig-size=\"484,500\" data-comments-opened=\"0\" data-image-meta=\"{&quot;aperture&quot;:&quot;0&quot;,&quot;credit&quot;:&quot;&quot;,&quot;camera&quot;:&quot;&quot;,&quot;caption&quot;:&quot;&quot;,&quot;created_timestamp&quot;:&quot;0&quot;,&quot;copyright&quot;:&quot;&quot;,&quot;focal_length&quot;:&quot;0&quot;,&quot;iso&quot;:&quot;0&quot;,&quot;shutter_speed&quot;:&quot;0&quot;,&quot;title&quot;:&quot;&quot;,&quot;orientation&quot;:&quot;0&quot;}\" data-image-title=\"m\u00e9dias (3)\" data-image-description=\"\" data-image-caption=\"\" data-medium-file=\"https:\/\/i0.wp.com\/ires.univ-tlse3.fr\/esprit-critique-science-et-medias\/wp-content\/uploads\/sites\/11\/2018\/01\/m%C3%A9dias-3.png?fit=290%2C300&amp;ssl=1\" data-large-file=\"https:\/\/i0.wp.com\/ires.univ-tlse3.fr\/esprit-critique-science-et-medias\/wp-content\/uploads\/sites\/11\/2018\/01\/m%C3%A9dias-3.png?fit=484%2C500&amp;ssl=1\" class=\" wp-image-408 alignleft\" src=\"https:\/\/i0.wp.com\/ires.univ-tlse3.fr\/esprit-critique-science-et-medias\/wp-content\/uploads\/sites\/11\/2018\/01\/m%C3%A9dias-3.png?resize=317%2C328\" alt=\"\" width=\"317\" height=\"328\" srcset=\"https:\/\/i0.wp.com\/ires.univ-tlse3.fr\/esprit-critique-science-et-medias\/wp-content\/uploads\/sites\/11\/2018\/01\/m%C3%A9dias-3.png?resize=290%2C300&amp;ssl=1 290w, https:\/\/i0.wp.com\/ires.univ-tlse3.fr\/esprit-critique-science-et-medias\/wp-content\/uploads\/sites\/11\/2018\/01\/m%C3%A9dias-3.png?resize=230%2C238&amp;ssl=1 230w, https:\/\/i0.wp.com\/ires.univ-tlse3.fr\/esprit-critique-science-et-medias\/wp-content\/uploads\/sites\/11\/2018\/01\/m%C3%A9dias-3.png?resize=350%2C362&amp;ssl=1 350w, https:\/\/i0.wp.com\/ires.univ-tlse3.fr\/esprit-critique-science-et-medias\/wp-content\/uploads\/sites\/11\/2018\/01\/m%C3%A9dias-3.png?resize=480%2C496&amp;ssl=1 480w, https:\/\/i0.wp.com\/ires.univ-tlse3.fr\/esprit-critique-science-et-medias\/wp-content\/uploads\/sites\/11\/2018\/01\/m%C3%A9dias-3.png?w=484&amp;ssl=1 484w\" sizes=\"(max-width: 317px) 100vw, 317px\" \/><\/p>\n<p>Comment les informations issues de la recherche scientifique sont-elles appr\u00e9hend\u00e9es et relay\u00e9es par les m\u00e9dias ?<br \/>\nElles se diffusent par des canaux aussi bien traditionnels (presse, t\u00e9l\u00e9vision) que num\u00e9riques (sites web, r\u00e9seaux sociaux).<br \/>\nLa lenteur du rythme de la Science, l&rsquo;impossibilit\u00e9 d&rsquo;\u00e9tablir des connaissances immuables, la complexit\u00e9 de certaines th\u00e9matiques alli\u00e9e au manque de culture g\u00e9n\u00e9rale scientifique, et le besoin financier que les m\u00e9dias ont de raconter des histoires attrayantes, conduisent parfois \u00e0 propager des informations contradictoires et contraires \u00e0 ce que la Science a (temporairement) \u00e9tabli.<\/p>\n<p style=\"text-align: center\"><span style=\"text-decoration: underline\">Activit\u00e9s propos\u00e9es<\/span> :<\/p>\n<p><a href=\"http:\/\/ires.univ-tlse3.fr\/esprit-critique-science-et-medias\/?page_id=762\" target=\"_blank\" rel=\"noopener noreferrer\">Rendre visibles les donn\u00e9es via Google Trends<\/a><\/p>\n<p><a href=\"http:\/\/ires.univ-tlse3.fr\/esprit-critique-science-et-medias\/?page_id=208\" target=\"_blank\" rel=\"noopener noreferrer\">Comprendre le fonctionnement de Google pour mieux l&rsquo;utiliser<\/a><\/p>\n<p><a href=\"https:\/\/ires.univ-tlse3.fr\/esprit-critique-science-et-medias\/?page_id=267\">Exercer son esprit critique sur les actualit\u00e9s sant\u00e9<\/a><\/p>\n<p><a href=\"http:\/\/ires.univ-tlse3.fr\/esprit-critique-science-et-medias\/?page_id=427\" target=\"_blank\" rel=\"noopener noreferrer\">Pr\u00e9diction de Google et biais de confirmation<\/a><\/p>\n<p><a href=\"https:\/\/ires.univ-tlse3.fr\/esprit-critique-science-et-medias\/?page_id=892\" target=\"_blank\" rel=\"noopener noreferrer\">Cartographie de controverses m\u00e9diatiques en relation avec les sciences<\/a><\/p>\n","protected":false},"excerpt":{"rendered":"<p>Comment les informations issues de la recherche scientifique sont-elles appr\u00e9hend\u00e9es et relay\u00e9es par les m\u00e9dias ? Elles se diffusent par des canaux [&hellip;]<\/p>\n","protected":false},"author":10,"featured_media":0,"parent":0,"menu_order":0,"comment_status":"closed","ping_status":"closed","template":"","meta":{"inline_featured_image":false,"jetpack_post_was_ever_published":false,"footnotes":""},"class_list":["post-33","page","type-page","status-publish","hentry"],"jetpack_sharing_enabled":true,"jetpack_shortlink":"https:\/\/wp.me\/P8paGj-x","jetpack-related-posts":[],"_links":{"self":[{"href":"https:\/\/ires.univ-tlse3.fr\/esprit-critique-science-et-medias\/index.php?rest_route=\/wp\/v2\/pages\/33","targetHints":{"allow":["GET"]}}],"collection":[{"href":"https:\/\/ires.univ-tlse3.fr\/esprit-critique-science-et-medias\/index.php?rest_route=\/wp\/v2\/pages"}],"about":[{"href":"https:\/\/ires.univ-tlse3.fr\/esprit-critique-science-et-medias\/index.php?rest_route=\/wp\/v2\/types\/page"}],"author":[{"embeddable":true,"href":"https:\/\/ires.univ-tlse3.fr\/esprit-critique-science-et-medias\/index.php?rest_route=\/wp\/v2\/users\/10"}],"replies":[{"embeddable":true,"href":"https:\/\/ires.univ-tlse3.fr\/esprit-critique-science-et-medias\/index.php?rest_route=%2Fwp%2Fv2%2Fcomments&post=33"}],"version-history":[{"count":18,"href":"https:\/\/ires.univ-tlse3.fr\/esprit-critique-science-et-medias\/index.php?rest_route=\/wp\/v2\/pages\/33\/revisions"}],"predecessor-version":[{"id":962,"href":"https:\/\/ires.univ-tlse3.fr\/esprit-critique-science-et-medias\/index.php?rest_route=\/wp\/v2\/pages\/33\/revisions\/962"}],"wp:attachment":[{"href":"https:\/\/ires.univ-tlse3.fr\/esprit-critique-science-et-medias\/index.php?rest_route=%2Fwp%2Fv2%2Fmedia&parent=33"}],"curies":[{"name":"wp","href":"https:\/\/api.w.org\/{rel}","templated":true}]}}