{"id":201,"date":"2017-06-26T18:39:21","date_gmt":"2017-06-26T16:39:21","guid":{"rendered":"http:\/\/ires.univ-tlse3.fr\/esprit-critique-science-et-medias\/?page_id=201"},"modified":"2020-04-24T17:16:26","modified_gmt":"2020-04-24T15:16:26","slug":"axes-developpes","status":"publish","type":"page","link":"https:\/\/ires.univ-tlse3.fr\/esprit-critique-science-et-medias\/?page_id=201","title":{"rendered":"Axes d\u00e9velopp\u00e9s"},"content":{"rendered":"<p>Les productions propos\u00e9es s\u2019articulent autour de quatre axes d\u00e9velopp\u00e9s dans les rubriques suivantes :<\/p>\n<p><img data-recalc-dims=\"1\" fetchpriority=\"high\" decoding=\"async\" data-attachment-id=\"416\" data-permalink=\"https:\/\/ires.univ-tlse3.fr\/esprit-critique-science-et-medias\/?attachment_id=416\" data-orig-file=\"https:\/\/i0.wp.com\/ires.univ-tlse3.fr\/esprit-critique-science-et-medias\/wp-content\/uploads\/sites\/11\/2018\/03\/axes-developp%C3%A9s-2.png?fit=560%2C315&amp;ssl=1\" data-orig-size=\"560,315\" data-comments-opened=\"0\" data-image-meta=\"{&quot;aperture&quot;:&quot;0&quot;,&quot;credit&quot;:&quot;&quot;,&quot;camera&quot;:&quot;&quot;,&quot;caption&quot;:&quot;&quot;,&quot;created_timestamp&quot;:&quot;0&quot;,&quot;copyright&quot;:&quot;&quot;,&quot;focal_length&quot;:&quot;0&quot;,&quot;iso&quot;:&quot;0&quot;,&quot;shutter_speed&quot;:&quot;0&quot;,&quot;title&quot;:&quot;&quot;,&quot;orientation&quot;:&quot;0&quot;}\" data-image-title=\"axes developp\u00e9s 2\" data-image-description=\"\" data-image-caption=\"\" data-medium-file=\"https:\/\/i0.wp.com\/ires.univ-tlse3.fr\/esprit-critique-science-et-medias\/wp-content\/uploads\/sites\/11\/2018\/03\/axes-developp%C3%A9s-2.png?fit=300%2C169&amp;ssl=1\" data-large-file=\"https:\/\/i0.wp.com\/ires.univ-tlse3.fr\/esprit-critique-science-et-medias\/wp-content\/uploads\/sites\/11\/2018\/03\/axes-developp%C3%A9s-2.png?fit=560%2C315&amp;ssl=1\" class=\" wp-image-416 alignright\" src=\"https:\/\/i0.wp.com\/ires.univ-tlse3.fr\/esprit-critique-science-et-medias\/wp-content\/uploads\/sites\/11\/2018\/03\/axes-developp%C3%A9s-2.png?resize=375%2C211\" alt=\"\" width=\"375\" height=\"211\" srcset=\"https:\/\/i0.wp.com\/ires.univ-tlse3.fr\/esprit-critique-science-et-medias\/wp-content\/uploads\/sites\/11\/2018\/03\/axes-developp%C3%A9s-2.png?resize=300%2C169&amp;ssl=1 300w, https:\/\/i0.wp.com\/ires.univ-tlse3.fr\/esprit-critique-science-et-medias\/wp-content\/uploads\/sites\/11\/2018\/03\/axes-developp%C3%A9s-2.png?resize=230%2C129&amp;ssl=1 230w, https:\/\/i0.wp.com\/ires.univ-tlse3.fr\/esprit-critique-science-et-medias\/wp-content\/uploads\/sites\/11\/2018\/03\/axes-developp%C3%A9s-2.png?resize=350%2C197&amp;ssl=1 350w, https:\/\/i0.wp.com\/ires.univ-tlse3.fr\/esprit-critique-science-et-medias\/wp-content\/uploads\/sites\/11\/2018\/03\/axes-developp%C3%A9s-2.png?resize=480%2C270&amp;ssl=1 480w, https:\/\/i0.wp.com\/ires.univ-tlse3.fr\/esprit-critique-science-et-medias\/wp-content\/uploads\/sites\/11\/2018\/03\/axes-developp%C3%A9s-2.png?w=560&amp;ssl=1 560w\" sizes=\"(max-width: 375px) 100vw, 375px\" \/><\/p>\n<p>\u2022 <a href=\"http:\/\/ires.univ-tlse3.fr\/esprit-critique-science-et-medias\/?page_id=31\">Comment la recherche scientifique \u00e9labore t-elle de la connaissance ?<\/a><br \/>\n\u2022 <a href=\"http:\/\/ires.univ-tlse3.fr\/esprit-critique-science-et-medias\/?page_id=33\">Comment la connaissance scientifique se diffuse-t-elle \u00e0 la soci\u00e9t\u00e9 ?<\/a><br \/>\n\u2022 <a href=\"https:\/\/ires.univ-tlse3.fr\/esprit-critique-science-et-medias\/?page_id=35\">Comment la d\u00e9marche et la reconnaissance de la science peuvent-elle \u00eatre d\u00e9tourn\u00e9es ?<\/a><br \/>\n\u2022 <a href=\"https:\/\/ires.univ-tlse3.fr\/esprit-critique-science-et-medias\/?page_id=37\">Quels biais et fausses conceptions peuvent affecter la perception et le jugement ?<\/a><\/p>\n<p>Cette classification th\u00e9matique est en partie arbitraire : elle \u00e9t\u00e9 choisie afin d&rsquo;organiser les productions, et les axes d\u00e9finis peuvent se recouper : par exemple, la diffusion de la Science et les pratiques des pseudo-sciences sont soumises \u00e0 des biais (notamment cognitifs).<\/p>\n<p style=\"text-align: center\"><a href=\"http:\/\/ires.univ-tlse3.fr\/esprit-critique-science-et-medias\/wp-content\/uploads\/sites\/11\/2020\/04\/Poster-IRES-Toulouse.pdf\" target=\"_blank\" rel=\"noopener noreferrer\"><img data-recalc-dims=\"1\" decoding=\"async\" data-attachment-id=\"885\" data-permalink=\"https:\/\/ires.univ-tlse3.fr\/esprit-critique-science-et-medias\/?attachment_id=885\" data-orig-file=\"https:\/\/i0.wp.com\/ires.univ-tlse3.fr\/esprit-critique-science-et-medias\/wp-content\/uploads\/sites\/11\/2020\/04\/affiche-1.jpg?fit=611%2C856&amp;ssl=1\" data-orig-size=\"611,856\" data-comments-opened=\"0\" data-image-meta=\"{&quot;aperture&quot;:&quot;0&quot;,&quot;credit&quot;:&quot;&quot;,&quot;camera&quot;:&quot;&quot;,&quot;caption&quot;:&quot;&quot;,&quot;created_timestamp&quot;:&quot;0&quot;,&quot;copyright&quot;:&quot;&quot;,&quot;focal_length&quot;:&quot;0&quot;,&quot;iso&quot;:&quot;0&quot;,&quot;shutter_speed&quot;:&quot;0&quot;,&quot;title&quot;:&quot;&quot;,&quot;orientation&quot;:&quot;1&quot;}\" data-image-title=\"affiche\" data-image-description=\"\" data-image-caption=\"\" data-medium-file=\"https:\/\/i0.wp.com\/ires.univ-tlse3.fr\/esprit-critique-science-et-medias\/wp-content\/uploads\/sites\/11\/2020\/04\/affiche-1.jpg?fit=214%2C300&amp;ssl=1\" data-large-file=\"https:\/\/i0.wp.com\/ires.univ-tlse3.fr\/esprit-critique-science-et-medias\/wp-content\/uploads\/sites\/11\/2020\/04\/affiche-1.jpg?fit=611%2C856&amp;ssl=1\" class=\"aligncenter size-full wp-image-885\" src=\"https:\/\/i0.wp.com\/ires.univ-tlse3.fr\/esprit-critique-science-et-medias\/wp-content\/uploads\/sites\/11\/2020\/04\/affiche-1.jpg?resize=611%2C856\" alt=\"\" width=\"611\" height=\"856\" srcset=\"https:\/\/i0.wp.com\/ires.univ-tlse3.fr\/esprit-critique-science-et-medias\/wp-content\/uploads\/sites\/11\/2020\/04\/affiche-1.jpg?w=611&amp;ssl=1 611w, https:\/\/i0.wp.com\/ires.univ-tlse3.fr\/esprit-critique-science-et-medias\/wp-content\/uploads\/sites\/11\/2020\/04\/affiche-1.jpg?resize=214%2C300&amp;ssl=1 214w, https:\/\/i0.wp.com\/ires.univ-tlse3.fr\/esprit-critique-science-et-medias\/wp-content\/uploads\/sites\/11\/2020\/04\/affiche-1.jpg?resize=230%2C322&amp;ssl=1 230w, https:\/\/i0.wp.com\/ires.univ-tlse3.fr\/esprit-critique-science-et-medias\/wp-content\/uploads\/sites\/11\/2020\/04\/affiche-1.jpg?resize=350%2C490&amp;ssl=1 350w, https:\/\/i0.wp.com\/ires.univ-tlse3.fr\/esprit-critique-science-et-medias\/wp-content\/uploads\/sites\/11\/2020\/04\/affiche-1.jpg?resize=480%2C672&amp;ssl=1 480w\" sizes=\"(max-width: 611px) 100vw, 611px\" \/><\/a><\/p>\n<p>Toutes les activit\u00e9s p\u00e9dagogiques pr\u00e9sent\u00e9es ont respect\u00e9 le protocole suivant avant mise en ligne :<br \/>\n&#8211; chaque proposition a \u00e9t\u00e9 \u00e9labor\u00e9e par un enseignant en activit\u00e9, se fondant sur des sources dont la fiabilit\u00e9 est reconnue<br \/>\n&#8211; chaque proposition a \u00e9t\u00e9 d\u00e9battue, la rigueur de ses aspects scientifiques ayant \u00e9t\u00e9 contr\u00f4l\u00e9e par des universitaires participant au groupe ou par des r\u00e9f\u00e9rents experts dans le domaine<br \/>\n&#8211; chaque proposition a \u00e9t\u00e9 test\u00e9e en situation r\u00e9elle, en classe<br \/>\n&#8211; chaque proposition a \u00e9t\u00e9 r\u00e9pliqu\u00e9e, c&rsquo;est \u00e0 dire test\u00e9e \u00e0 nouveau par d&rsquo;autres enseignants dans leurs propres classes, avant validation d\u00e9finitive par l&rsquo;ensemble du groupe.<br \/>\nCe protocole conduit \u00e0 rejeter certaines propositions qui ne seront jamais publi\u00e9es, et \u00e0 travailler longuement sur celles qui demeurent : elles ont le souci d&rsquo;\u00eatre r\u00e9alistes, c&rsquo;est \u00e0 dire fiables et op\u00e9rationnelles.<\/p>\n","protected":false},"excerpt":{"rendered":"<p>Les productions propos\u00e9es s\u2019articulent autour de quatre axes d\u00e9velopp\u00e9s dans les rubriques suivantes : \u2022 Comment la recherche scientifique \u00e9labore t-elle de [&hellip;]<\/p>\n","protected":false},"author":10,"featured_media":0,"parent":0,"menu_order":0,"comment_status":"closed","ping_status":"closed","template":"","meta":{"inline_featured_image":false,"jetpack_post_was_ever_published":false,"footnotes":""},"class_list":["post-201","page","type-page","status-publish","hentry"],"jetpack_sharing_enabled":true,"jetpack_shortlink":"https:\/\/wp.me\/P8paGj-3f","jetpack-related-posts":[],"_links":{"self":[{"href":"https:\/\/ires.univ-tlse3.fr\/esprit-critique-science-et-medias\/index.php?rest_route=\/wp\/v2\/pages\/201","targetHints":{"allow":["GET"]}}],"collection":[{"href":"https:\/\/ires.univ-tlse3.fr\/esprit-critique-science-et-medias\/index.php?rest_route=\/wp\/v2\/pages"}],"about":[{"href":"https:\/\/ires.univ-tlse3.fr\/esprit-critique-science-et-medias\/index.php?rest_route=\/wp\/v2\/types\/page"}],"author":[{"embeddable":true,"href":"https:\/\/ires.univ-tlse3.fr\/esprit-critique-science-et-medias\/index.php?rest_route=\/wp\/v2\/users\/10"}],"replies":[{"embeddable":true,"href":"https:\/\/ires.univ-tlse3.fr\/esprit-critique-science-et-medias\/index.php?rest_route=%2Fwp%2Fv2%2Fcomments&post=201"}],"version-history":[{"count":18,"href":"https:\/\/ires.univ-tlse3.fr\/esprit-critique-science-et-medias\/index.php?rest_route=\/wp\/v2\/pages\/201\/revisions"}],"predecessor-version":[{"id":895,"href":"https:\/\/ires.univ-tlse3.fr\/esprit-critique-science-et-medias\/index.php?rest_route=\/wp\/v2\/pages\/201\/revisions\/895"}],"wp:attachment":[{"href":"https:\/\/ires.univ-tlse3.fr\/esprit-critique-science-et-medias\/index.php?rest_route=%2Fwp%2Fv2%2Fmedia&parent=201"}],"curies":[{"name":"wp","href":"https:\/\/api.w.org\/{rel}","templated":true}]}}