{"id":38,"date":"2018-10-17T00:10:52","date_gmt":"2018-10-16T22:10:52","guid":{"rendered":"http:\/\/ires.univ-tlse3.fr\/chimie-au-coeur-des-sciences\/?page_id=38"},"modified":"2019-07-28T20:26:51","modified_gmt":"2019-07-28T18:26:51","slug":"colloque","status":"publish","type":"page","link":"https:\/\/ires.univ-tlse3.fr\/chimie-au-coeur-des-sciences\/colloque\/","title":{"rendered":"Colloque"},"content":{"rendered":"\n<div class=\"wp-block-file\"><a href=\"https:\/\/ires.univ-tlse3.fr\/chimie-au-coeur-des-sciences\/wp-content\/uploads\/sites\/37\/2019\/05\/Programme-du-colloque-des-\u00e9l\u00e8ves.pdf\">Programme du colloque des \u00e9l\u00e8ves<\/a><a href=\"https:\/\/ires.univ-tlse3.fr\/chimie-au-coeur-des-sciences\/wp-content\/uploads\/sites\/37\/2019\/05\/Programme-du-colloque-des-\u00e9l\u00e8ves.pdf\" class=\"wp-block-file__button\" download>T\u00e9l\u00e9charger<\/a><\/div>\n\n\n\n<div class=\"wp-block-file\"><a href=\"https:\/\/ires.univ-tlse3.fr\/chimie-au-coeur-des-sciences\/wp-content\/uploads\/sites\/37\/2019\/05\/Heures-de-pr\u00e9sentation-colloque.pdf\">Heures de pr\u00e9sentation colloque<\/a><a href=\"https:\/\/ires.univ-tlse3.fr\/chimie-au-coeur-des-sciences\/wp-content\/uploads\/sites\/37\/2019\/05\/Heures-de-pr\u00e9sentation-colloque.pdf\" class=\"wp-block-file__button\" download>T\u00e9l\u00e9charger<\/a><\/div>\n\n\n\n<div class=\"wp-block-file\"><a href=\"https:\/\/ires.univ-tlse3.fr\/chimie-au-coeur-des-sciences\/wp-content\/uploads\/sites\/37\/2019\/06\/Actes-colloque-LaChimieAuCoeurDesSciences-1.pdf\">Actes colloque La Chimie Au Coeur Des Sciences<\/a><a href=\"https:\/\/ires.univ-tlse3.fr\/chimie-au-coeur-des-sciences\/wp-content\/uploads\/sites\/37\/2019\/06\/Actes-colloque-LaChimieAuCoeurDesSciences-1.pdf\" class=\"wp-block-file__button\" download>T\u00e9l\u00e9charger<\/a><\/div>\n\n\n\n<figure class=\"wp-block-image\"><img fetchpriority=\"high\" decoding=\"async\" width=\"1024\" height=\"768\" src=\"https:\/\/ires.univ-tlse3.fr\/chimie-au-coeur-des-sciences\/wp-content\/uploads\/sites\/37\/2019\/06\/IMG_1825-1-1-1024x768.jpg\" alt=\"\" class=\"wp-image-111\" srcset=\"https:\/\/ires.univ-tlse3.fr\/chimie-au-coeur-des-sciences\/wp-content\/uploads\/sites\/37\/2019\/06\/IMG_1825-1-1-1024x768.jpg 1024w, https:\/\/ires.univ-tlse3.fr\/chimie-au-coeur-des-sciences\/wp-content\/uploads\/sites\/37\/2019\/06\/IMG_1825-1-1-300x225.jpg 300w, https:\/\/ires.univ-tlse3.fr\/chimie-au-coeur-des-sciences\/wp-content\/uploads\/sites\/37\/2019\/06\/IMG_1825-1-1-768x576.jpg 768w, https:\/\/ires.univ-tlse3.fr\/chimie-au-coeur-des-sciences\/wp-content\/uploads\/sites\/37\/2019\/06\/IMG_1825-1-1-1200x900.jpg 1200w\" sizes=\"(max-width: 709px) 85vw, (max-width: 909px) 67vw, (max-width: 1362px) 62vw, 840px\" \/><\/figure>\n\n\n\n<p>Vid\u00e9os:<br>Conf\u00e9rence <a href=\"https:\/\/www.youtube.com\/watch?v=e2PxKGgdk0k&amp;list=PLfs3jcO_lebw-V0VCuH-ottO2BKVLzHGq&amp;index=22&amp;t=0s\">Erik Dujardin<\/a>: \u00ab\u00a0Atomes du physicien, atomes du chimiste: Rien ne se voit, tout se cr\u00e9e.\u00a0\u00bb <\/p>\n\n\n\n<p>Vid\u00e9os pr\u00e9sentations:<\/p>\n\n\n\n<p><a href=\"https:\/\/www.youtube.com\/watch?v=0y-0OSWCOs8&amp;list=PLfs3jcO_lebw-V0VCuH-ottO2BKVLzHGq&amp;index=3&amp;t=3s\">Coll\u00e8ge Plantaurel Caz\u00e8res<\/a><\/p>\n\n\n\n<p><a href=\"https:\/\/www.youtube.com\/watch?v=qSZ-iRvuVFs&amp;list=PLfs3jcO_lebw-V0VCuH-ottO2BKVLzHGq&amp;index=4&amp;t=0s\">Coll\u00e8ge Paul C\u00e9zanne Montrab\u00e9<\/a><\/p>\n","protected":false},"excerpt":{"rendered":"<p>Vid\u00e9os:Conf\u00e9rence Erik Dujardin: \u00ab\u00a0Atomes du physicien, atomes du chimiste: Rien ne se voit, tout se cr\u00e9e.\u00a0\u00bb Vid\u00e9os pr\u00e9sentations: Coll\u00e8ge Plantaurel Caz\u00e8res Coll\u00e8ge Paul C\u00e9zanne Montrab\u00e9<\/p>\n","protected":false},"author":12,"featured_media":0,"parent":0,"menu_order":0,"comment_status":"closed","ping_status":"closed","template":"","meta":{"inline_featured_image":false,"footnotes":""},"class_list":["post-38","page","type-page","status-publish","hentry"],"_links":{"self":[{"href":"https:\/\/ires.univ-tlse3.fr\/chimie-au-coeur-des-sciences\/wp-json\/wp\/v2\/pages\/38","targetHints":{"allow":["GET"]}}],"collection":[{"href":"https:\/\/ires.univ-tlse3.fr\/chimie-au-coeur-des-sciences\/wp-json\/wp\/v2\/pages"}],"about":[{"href":"https:\/\/ires.univ-tlse3.fr\/chimie-au-coeur-des-sciences\/wp-json\/wp\/v2\/types\/page"}],"author":[{"embeddable":true,"href":"https:\/\/ires.univ-tlse3.fr\/chimie-au-coeur-des-sciences\/wp-json\/wp\/v2\/users\/12"}],"replies":[{"embeddable":true,"href":"https:\/\/ires.univ-tlse3.fr\/chimie-au-coeur-des-sciences\/wp-json\/wp\/v2\/comments?post=38"}],"version-history":[{"count":9,"href":"https:\/\/ires.univ-tlse3.fr\/chimie-au-coeur-des-sciences\/wp-json\/wp\/v2\/pages\/38\/revisions"}],"predecessor-version":[{"id":116,"href":"https:\/\/ires.univ-tlse3.fr\/chimie-au-coeur-des-sciences\/wp-json\/wp\/v2\/pages\/38\/revisions\/116"}],"wp:attachment":[{"href":"https:\/\/ires.univ-tlse3.fr\/chimie-au-coeur-des-sciences\/wp-json\/wp\/v2\/media?parent=38"}],"curies":[{"name":"wp","href":"https:\/\/api.w.org\/{rel}","templated":true}]}}